{"id":121,"date":"2018-09-20T12:52:44","date_gmt":"2018-09-20T12:52:44","guid":{"rendered":"http:\/\/openzink.com\/?page_id=3"},"modified":"2020-10-16T11:37:34","modified_gmt":"2020-10-16T09:37:34","slug":"politica-privacidad","status":"publish","type":"page","link":"https:\/\/mowomoevents.com\/yomequedoencasa\/politica-privacidad\/","title":{"rendered":"Pol\u00edtica de privacidad"},"content":{"rendered":"\n<p>En cumplimiento del Reglamento General de Protecci\u00f3n de Datos, te informamos que los datos que nos facilitas a trav\u00e9s de los diferentes formularios de este sitio web pasar\u00e1n a formar parte de ficheros informatizados propiedad de&nbsp;<strong>WHITE SCREEN IDEAS WORKSHOP SL<\/strong>&nbsp;con el los fines exclusivos para lo que son solicitados.<\/p>\n\n\n\n<p><strong>Responsable del tratamiento de datos personales<\/strong><\/p>\n\n\n\n<p>Datos de contacto del responsable: Roberto Miralles (roberto@mowomo.com)<\/p>\n\n\n\n<h2 class=\"wp-block-heading\">1.- \u00bfQu\u00e9 datos personales te pedimos?<\/h2>\n\n\n\n<p>El los formularios de nuestra web (contacto, petici\u00f3n de presupuesto y suscripci\u00f3n a newsletter) requerimos tu nombre, tu correo electr\u00f3nico y\/o tel\u00e9fono.<br>De manera autom\u00e1tica tambi\u00e9n guardamos la IP desde la que nos env\u00edas el formulario, para fines legales llegado el caso.<\/p>\n\n\n\n<p>Los campos de formulario marcados con un * (asterisco) o como \u201crequerido\u201d son de cumplimentaci\u00f3n obligatorio, el resto son voluntarios. Si no rellenas esos campos, por ejemplo con tu email y\/o tel\u00e9fono, no podremos responder a tus consultas. Simplemente el formulario no se enviar\u00e1 y no recibiremos esa consulta.<\/p>\n\n\n\n<h2 class=\"wp-block-heading\">2 .- \u00bfD\u00f3nde te pedimos datos personales?<\/h2>\n\n\n\n<p>Te pedimos tus datos personales en nuestros formularios de <a href=\"https:\/\/www.mowomo.com\/contacto\/\" target=\"_blank\" rel=\"noreferrer noopener\">contacto<\/a>, comentarios en el blog,&nbsp;<a href=\"https:\/\/www.mowomo.com\/pide-presupuesto\/\" target=\"_blank\" rel=\"noreferrer noopener\">petici\u00f3n de presupuesto<\/a> y <a href=\"https:\/\/www.mowomo.com\/suscribete\/\" target=\"_blank\" rel=\"noreferrer noopener\">suscripci\u00f3n a nuestro newsletter<\/a>.<\/p>\n\n\n\n<h2 class=\"wp-block-heading\">3.- \u00bfPara qu\u00e9 te pedimos tus datos?<\/h2>\n\n\n\n<p>Necesitamos tus datos para poder contactar contigo y ofrecer respuestas a tus consultas sobre nuestros servicios profesionales, enviarte presupuestos que nos pidas y, en el caso de la suscripci\u00f3n al newsletter, enviarte por correo electr\u00f3nico el bolet\u00edn peri\u00f3dico (o newsletter en ingl\u00e9s) con los art\u00edculos que escribimos en el blog y, ocasionalmente, ofertas y promociones de nuestros productos y servicios.<\/p>\n\n\n\n<h2 class=\"wp-block-heading\">4.- \u00bfQu\u00e9 derechos tienes?<\/h2>\n\n\n\n<ul><li><strong>Derecho a solicitar el acceso<\/strong> a los datos personales: podr\u00e1s preguntar a mowomo events si estamos est\u00e1 tratando tus datos.<\/li><li><strong>Derecho a solicitar su rectificaci\u00f3n<\/strong> (en caso de que sean incorrectos) <strong>o supresi\u00f3n.<\/strong><\/li><li><strong>Derecho a solicitar la limitaci\u00f3n de su tratamiento<\/strong>, en cuyo caso \u00fanicamente ser\u00e1n conservados por mowomo events para el ejercicio o la defensa de reclamaciones.<\/li><li><strong>Derecho a oponerse al tratamiento<\/strong>: mowomo events dejar\u00e1&nbsp;de tratar los datos en la forma que indiques, salvo que por motivos leg\u00edtimos imperiosos&nbsp;o&nbsp;el ejercicio o la defensa de posibles reclamaciones se tengan que seguir tratando.<\/li><li><strong>Derecho a la portabilidad de los datos:<\/strong> en caso de que quieras que tus datos sean tratados por otra firma, mowomo events te facilitar\u00e1 la portabilidad de tus datos al nuevo responsable.<\/li><li><strong>Derecho al borrado de los datos<\/strong>: y salvo imperativo legal se borrar\u00e1n tras tu confirmaci\u00f3n.<\/li><\/ul>\n\n\n\n<p>Te garantizamos en todo caso la posibilidad de ejercitar tus derechos notific\u00e1ndolo mediante el env\u00edo de un email a la direcci\u00f3n de correo electr\u00f3nico o email ws[arroba]whitescreen.es desde la misma cuenta de email con la que has enviado el formulario o bien por correo postal a nuestra direcci\u00f3n, Avenida de la industria, 30, 11130 Chiclana de la Frontera, C\u00e1diz (Espa\u00f1a), identific\u00e1ndote legalmente.<\/p>\n\n\n\n<h2 class=\"wp-block-heading\">5.- \u00bfCu\u00e1nto tiempo almacenamos tus datos?<\/h2>\n\n\n\n<p>Tu puedes acceder a tus datos y solicitar su rectificaci\u00f3n o que los eliminemos en cualquier momento, pero por norma general los plazos de almacenamiento de tus datos son los siguientes:<\/p>\n\n\n\n<p><strong>Formularios de contacto y petici\u00f3n de presupuesto: <\/strong>Hasta que se termine la relaci\u00f3n profesional entre mowomo events y la persona que env\u00eda el formulario con su datos de contacto.<\/p>\n\n\n\n<p><strong>Newsletter o bolet\u00edn de noticias:<\/strong> Hasta que te des de baja. Esto puedes hacerlo en cualquier momento a trav\u00e9s de este enlace: enlace de baja del newsletter<\/p>\n\n\n\n<p><strong>Comentarios en e blog: <\/strong>Al tratarse de un comentario a un art\u00edculo o entrada del blog, hasta que ese art\u00edculo permanezca publicado.<\/p>\n\n\n\n<p>Pulsando el siguiente bot\u00f3n puedes revisar tus preferencias de privacidad y cookies <button type=\"button\" class=\"gdpr-preferences\" data-tab=\"gdpr-consent-management\">Preferencias sobre privacidad<\/button> que has aceptado en nuestra p\u00e1gina.<\/p>\n\n\n\n<h2 class=\"wp-block-heading\">6.- Formularios para facilitarte el ejercicio de tus derechos<\/h2>\n\n\n\n<p>A trav\u00e9s de los siguientes formularios te queremos facilitar que puedas ejercitar tus derechos. Cualquier duda, <a href=\"https:\/\/www.mowomo.com\/contacto\/\" target=\"_blank\" rel=\"noreferrer noopener\">estamos a tu disposici\u00f3n<\/a>.<\/p>\n\n\n\n<h3 class=\"wp-block-heading\">Revisa tus preferencias sobre privacidad y uso de cookies que has aceptado en nuestra p\u00e1gina.<\/h3>\n\n\n<button type=\"button\" class=\"gdpr-preferences\" data-tab=\"gdpr-consent-management\">Ver preferencias sobre privacidad<\/button>\n\n\n\n<h3 class=\"wp-block-heading\">Quiero que borr\u00e9is mi usuario y todos los datos que teng\u00e1is sobre m\u00ed.<\/h3>\n\n\n\n<form class=\"gdpr-request-form gdpr-add-to-deletion-requests\" method=\"post\">\n\t<input type=\"hidden\" id=\"gdpr_request_nonce\" name=\"gdpr_request_nonce\" value=\"80e429fac1\" \/><input type=\"hidden\" name=\"_wp_http_referer\" value=\"\/yomequedoencasa\/wp-json\/wp\/v2\/pages\/121\" \/>\t<input type=\"hidden\" name=\"action\" value=\"gdpr_send_request_email\">\n\t<input type=\"hidden\" name=\"type\" value=\"delete\">\n\t\t\t<input type=\"email\" name=\"user_email\" placeholder=\"correo@dominio.com\" required>\n\t\t<div class=\"g-recaptcha\" data-sitekey=\"6LcHF3MUAAAAAMDTKaM0NCqjOXV5yms-ORL9GysC\"><\/div>\t\t<input type=\"submit\" value=\"Cerrar mi cuenta\">\n<\/form>\n\n\n\n\n<h3 class=\"wp-block-heading\">Si quieres que rectifiquemos alguno de tus datos que tengamos almacenados, puedes notific\u00e1rnoslo a trav\u00e9s del siguiente formulario.<\/h3>\n\n\n<form class=\"gdpr-request-form gdpr-add-to-rectify-requests confirmed\" method=\"post\">\n\t<input type=\"hidden\" id=\"gdpr_request_nonce\" name=\"gdpr_request_nonce\" value=\"80e429fac1\" \/><input type=\"hidden\" name=\"_wp_http_referer\" value=\"\/yomequedoencasa\/wp-json\/wp\/v2\/pages\/121\" \/>\t<input type=\"hidden\" name=\"action\" value=\"gdpr_send_request_email\">\n\t<input type=\"hidden\" name=\"type\" value=\"rectify\">\n\t\t\t<input type=\"email\" name=\"user_email\" placeholder=\"correo@dominio.com\" required>\n\t\t<textarea name=\"data\" rows=\"5\" required placeholder=\"Escribe aqu\u00ed tu solicitud de rectificaci\u00f3n\"><\/textarea>\n\t<div class=\"g-recaptcha\" data-sitekey=\"6LcHF3MUAAAAAMDTKaM0NCqjOXV5yms-ORL9GysC\"><\/div>\t\t<input type=\"submit\" value=\"Enviar\">\n<\/form>\n\n\n\n\n<h3 class=\"wp-block-heading\">Si quieres realizar alguna reclamaci\u00f3n por alguno de tus datos puedes notific\u00e1rnoslo a trav\u00e9s del siguiente formulario.<\/h3>\n\n\n<form class=\"gdpr-request-form gdpr-add-to-complaint-requests confirmed\" method=\"post\">\n\t<input type=\"hidden\" id=\"gdpr_request_nonce\" name=\"gdpr_request_nonce\" value=\"80e429fac1\" \/><input type=\"hidden\" name=\"_wp_http_referer\" value=\"\/yomequedoencasa\/wp-json\/wp\/v2\/pages\/121\" \/>\t<input type=\"hidden\" name=\"action\" value=\"gdpr_send_request_email\">\n\t<input type=\"hidden\" name=\"type\" value=\"complaint\">\n\t\t\t<input type=\"email\" name=\"user_email\" placeholder=\"correo@dominio.com\" required>\n\t\t<textarea name=\"data\" rows=\"5\" required placeholder=\"Escribe aqu\u00ed tu reclamaci\u00f3n\"><\/textarea>\n\n\t<div class=\"g-recaptcha\" data-sitekey=\"6LcHF3MUAAAAAMDTKaM0NCqjOXV5yms-ORL9GysC\"><\/div>\t\t<input type=\"submit\" value=\"Enviar\">\n<\/form>\n\n\n\n\n<h3 class=\"wp-block-heading\">Aqu\u00ed puedes descargar los datos que tenemos sobre ti.<\/h3>\n\n\n<form class=\"gdpr-request-form gdpr-export-data-form confirmed\" method=\"post\">\n\t<input type=\"hidden\" id=\"gdpr_request_nonce\" name=\"gdpr_request_nonce\" value=\"80e429fac1\" \/><input type=\"hidden\" name=\"_wp_http_referer\" value=\"\/yomequedoencasa\/wp-json\/wp\/v2\/pages\/121\" \/>\t<input type=\"hidden\" name=\"action\" value=\"gdpr_send_request_email\">\n\t<input type=\"hidden\" name=\"type\" value=\"export-data\">\n\t\t\t<input type=\"email\" name=\"user_email\" placeholder=\"correo@dominio.com\" required>\n\t\t<div class=\"g-recaptcha\" data-sitekey=\"6LcHF3MUAAAAAMDTKaM0NCqjOXV5yms-ORL9GysC\"><\/div>\t\t<input type=\"submit\" value=\"Descargar mis datos\">\n<\/form>\n\n\n\n\n<p><strong>Agradecimientos:<\/strong> Estos textos legales han sido creados gracias a la colaboraci\u00f3n de la Comunidad WordPress de Espa\u00f1a y especialmente a <a href=\"https:\/\/ayudawp.com\/\" target=\"_blank\" rel=\"noreferrer noopener\">Fernando Tellado<\/a>, quien ha compartido informaci\u00f3n muy importante relativa al RGPD e incluso, <a href=\"https:\/\/ayudawp.com\/muylegal\/\" target=\"_blank\" rel=\"noreferrer noopener\">sus propios textos legales<\/a>.<\/p>\n","protected":false},"excerpt":{"rendered":"<p>En cumplimiento del Reglamento General de Protecci\u00f3n de Datos, te informamos que los datos que nos facilitas a trav\u00e9s de los diferentes formularios de este sitio web pasar\u00e1n a formar parte de ficheros informatizados propiedad de&nbsp;WHITE SCREEN IDEAS WORKSHOP SL&nbsp;con el los fines exclusivos para lo que son solicitados. Responsable del tratamiento de datos personales &hellip; <a href=\"https:\/\/mowomoevents.com\/yomequedoencasa\/politica-privacidad\/\" class=\"more-link\">Sigue leyendo <span class=\"screen-reader-text\">Pol\u00edtica de privacidad<\/span><\/a><\/p>\n","protected":false},"author":3,"featured_media":0,"parent":0,"menu_order":0,"comment_status":"closed","ping_status":"open","template":"","meta":{"footnotes":""},"yoast_head":"<!-- This site is optimized with the Yoast SEO plugin v22.7 - https:\/\/yoast.com\/wordpress\/plugins\/seo\/ -->\n<title>Pol\u00edtica de privacidad - #yomequedoencasa<\/title>\n<meta name=\"robots\" content=\"index, follow, max-snippet:-1, max-image-preview:large, max-video-preview:-1\" \/>\n<link rel=\"canonical\" href=\"https:\/\/mowomoevents.com\/yomequedoencasa\/politica-privacidad\/\" \/>\n<meta property=\"og:locale\" content=\"es_ES\" \/>\n<meta property=\"og:type\" content=\"article\" \/>\n<meta property=\"og:title\" content=\"Pol\u00edtica de privacidad - #yomequedoencasa\" \/>\n<meta property=\"og:description\" content=\"En cumplimiento del Reglamento General de Protecci\u00f3n de Datos, te informamos que los datos que nos facilitas a trav\u00e9s de los diferentes formularios de este sitio web pasar\u00e1n a formar parte de ficheros informatizados propiedad de&nbsp;WHITE SCREEN IDEAS WORKSHOP SL&nbsp;con el los fines exclusivos para lo que son solicitados. Responsable del tratamiento de datos personales &hellip; Sigue leyendo Pol\u00edtica de privacidad\" \/>\n<meta property=\"og:url\" content=\"https:\/\/mowomoevents.com\/yomequedoencasa\/politica-privacidad\/\" \/>\n<meta property=\"og:site_name\" content=\"#yomequedoencasa\" \/>\n<meta property=\"article:modified_time\" content=\"2020-10-16T09:37:34+00:00\" \/>\n<meta property=\"og:image\" content=\"https:\/\/mowomoevents.com\/wp-content\/uploads\/sites\/2\/2020\/03\/logo-mowomo-events.png\" \/>\n\t<meta property=\"og:image:width\" content=\"1009\" \/>\n\t<meta property=\"og:image:height\" content=\"238\" \/>\n\t<meta property=\"og:image:type\" content=\"image\/png\" \/>\n<meta name=\"twitter:card\" content=\"summary_large_image\" \/>\n<meta name=\"twitter:label1\" content=\"Tiempo de lectura\" \/>\n\t<meta name=\"twitter:data1\" content=\"4 minutos\" \/>\n<script type=\"application\/ld+json\" class=\"yoast-schema-graph\">{\"@context\":\"https:\/\/schema.org\",\"@graph\":[{\"@type\":\"WebPage\",\"@id\":\"https:\/\/mowomoevents.com\/yomequedoencasa\/politica-privacidad\/\",\"url\":\"https:\/\/mowomoevents.com\/yomequedoencasa\/politica-privacidad\/\",\"name\":\"Pol\u00edtica de privacidad - #yomequedoencasa\",\"isPartOf\":{\"@id\":\"https:\/\/mowomoevents.com\/yomequedoencasa\/#website\"},\"datePublished\":\"2018-09-20T12:52:44+00:00\",\"dateModified\":\"2020-10-16T09:37:34+00:00\",\"breadcrumb\":{\"@id\":\"https:\/\/mowomoevents.com\/yomequedoencasa\/politica-privacidad\/#breadcrumb\"},\"inLanguage\":\"es\",\"potentialAction\":[{\"@type\":\"ReadAction\",\"target\":[\"https:\/\/mowomoevents.com\/yomequedoencasa\/politica-privacidad\/\"]}]},{\"@type\":\"BreadcrumbList\",\"@id\":\"https:\/\/mowomoevents.com\/yomequedoencasa\/politica-privacidad\/#breadcrumb\",\"itemListElement\":[{\"@type\":\"ListItem\",\"position\":1,\"name\":\"Portada\",\"item\":\"https:\/\/mowomoevents.com\/yomequedoencasa\/\"},{\"@type\":\"ListItem\",\"position\":2,\"name\":\"Pol\u00edtica de privacidad\"}]},{\"@type\":\"WebSite\",\"@id\":\"https:\/\/mowomoevents.com\/yomequedoencasa\/#website\",\"url\":\"https:\/\/mowomoevents.com\/yomequedoencasa\/\",\"name\":\"#yomequedoencasa\",\"description\":\"Evento tecnol\u00f3gico ONLINE que tendr\u00e1 lugar del 23\/03\/2020 al 05\/05\/2020\",\"publisher\":{\"@id\":\"https:\/\/mowomoevents.com\/yomequedoencasa\/#organization\"},\"potentialAction\":[{\"@type\":\"SearchAction\",\"target\":{\"@type\":\"EntryPoint\",\"urlTemplate\":\"https:\/\/mowomoevents.com\/yomequedoencasa\/?s={search_term_string}\"},\"query-input\":\"required name=search_term_string\"}],\"inLanguage\":\"es\"},{\"@type\":\"Organization\",\"@id\":\"https:\/\/mowomoevents.com\/yomequedoencasa\/#organization\",\"name\":\"#yomequedoencasa\",\"url\":\"https:\/\/mowomoevents.com\/yomequedoencasa\/\",\"logo\":{\"@type\":\"ImageObject\",\"inLanguage\":\"es\",\"@id\":\"https:\/\/mowomoevents.com\/yomequedoencasa\/#\/schema\/logo\/image\/\",\"url\":\"https:\/\/mowomoevents.com\/wp-content\/uploads\/sites\/2\/2020\/03\/cropped-mowomo-event-yo-me-quedo-en-casa.png\",\"contentUrl\":\"https:\/\/mowomoevents.com\/wp-content\/uploads\/sites\/2\/2020\/03\/cropped-mowomo-event-yo-me-quedo-en-casa.png\",\"width\":248,\"height\":101,\"caption\":\"#yomequedoencasa\"},\"image\":{\"@id\":\"https:\/\/mowomoevents.com\/yomequedoencasa\/#\/schema\/logo\/image\/\"}}]}<\/script>\n<!-- \/ Yoast SEO plugin. -->","yoast_head_json":{"title":"Pol\u00edtica de privacidad - #yomequedoencasa","robots":{"index":"index","follow":"follow","max-snippet":"max-snippet:-1","max-image-preview":"max-image-preview:large","max-video-preview":"max-video-preview:-1"},"canonical":"https:\/\/mowomoevents.com\/yomequedoencasa\/politica-privacidad\/","og_locale":"es_ES","og_type":"article","og_title":"Pol\u00edtica de privacidad - #yomequedoencasa","og_description":"En cumplimiento del Reglamento General de Protecci\u00f3n de Datos, te informamos que los datos que nos facilitas a trav\u00e9s de los diferentes formularios de este sitio web pasar\u00e1n a formar parte de ficheros informatizados propiedad de&nbsp;WHITE SCREEN IDEAS WORKSHOP SL&nbsp;con el los fines exclusivos para lo que son solicitados. Responsable del tratamiento de datos personales &hellip; Sigue leyendo Pol\u00edtica de privacidad","og_url":"https:\/\/mowomoevents.com\/yomequedoencasa\/politica-privacidad\/","og_site_name":"#yomequedoencasa","article_modified_time":"2020-10-16T09:37:34+00:00","og_image":[{"width":1009,"height":238,"url":"https:\/\/mowomoevents.com\/wp-content\/uploads\/sites\/2\/2020\/03\/logo-mowomo-events.png","type":"image\/png"}],"twitter_card":"summary_large_image","twitter_misc":{"Tiempo de lectura":"4 minutos"},"schema":{"@context":"https:\/\/schema.org","@graph":[{"@type":"WebPage","@id":"https:\/\/mowomoevents.com\/yomequedoencasa\/politica-privacidad\/","url":"https:\/\/mowomoevents.com\/yomequedoencasa\/politica-privacidad\/","name":"Pol\u00edtica de privacidad - #yomequedoencasa","isPartOf":{"@id":"https:\/\/mowomoevents.com\/yomequedoencasa\/#website"},"datePublished":"2018-09-20T12:52:44+00:00","dateModified":"2020-10-16T09:37:34+00:00","breadcrumb":{"@id":"https:\/\/mowomoevents.com\/yomequedoencasa\/politica-privacidad\/#breadcrumb"},"inLanguage":"es","potentialAction":[{"@type":"ReadAction","target":["https:\/\/mowomoevents.com\/yomequedoencasa\/politica-privacidad\/"]}]},{"@type":"BreadcrumbList","@id":"https:\/\/mowomoevents.com\/yomequedoencasa\/politica-privacidad\/#breadcrumb","itemListElement":[{"@type":"ListItem","position":1,"name":"Portada","item":"https:\/\/mowomoevents.com\/yomequedoencasa\/"},{"@type":"ListItem","position":2,"name":"Pol\u00edtica de privacidad"}]},{"@type":"WebSite","@id":"https:\/\/mowomoevents.com\/yomequedoencasa\/#website","url":"https:\/\/mowomoevents.com\/yomequedoencasa\/","name":"#yomequedoencasa","description":"Evento tecnol\u00f3gico ONLINE que tendr\u00e1 lugar del 23\/03\/2020 al 05\/05\/2020","publisher":{"@id":"https:\/\/mowomoevents.com\/yomequedoencasa\/#organization"},"potentialAction":[{"@type":"SearchAction","target":{"@type":"EntryPoint","urlTemplate":"https:\/\/mowomoevents.com\/yomequedoencasa\/?s={search_term_string}"},"query-input":"required name=search_term_string"}],"inLanguage":"es"},{"@type":"Organization","@id":"https:\/\/mowomoevents.com\/yomequedoencasa\/#organization","name":"#yomequedoencasa","url":"https:\/\/mowomoevents.com\/yomequedoencasa\/","logo":{"@type":"ImageObject","inLanguage":"es","@id":"https:\/\/mowomoevents.com\/yomequedoencasa\/#\/schema\/logo\/image\/","url":"https:\/\/mowomoevents.com\/wp-content\/uploads\/sites\/2\/2020\/03\/cropped-mowomo-event-yo-me-quedo-en-casa.png","contentUrl":"https:\/\/mowomoevents.com\/wp-content\/uploads\/sites\/2\/2020\/03\/cropped-mowomo-event-yo-me-quedo-en-casa.png","width":248,"height":101,"caption":"#yomequedoencasa"},"image":{"@id":"https:\/\/mowomoevents.com\/yomequedoencasa\/#\/schema\/logo\/image\/"}}]}},"_links":{"self":[{"href":"https:\/\/mowomoevents.com\/yomequedoencasa\/wp-json\/wp\/v2\/pages\/121"}],"collection":[{"href":"https:\/\/mowomoevents.com\/yomequedoencasa\/wp-json\/wp\/v2\/pages"}],"about":[{"href":"https:\/\/mowomoevents.com\/yomequedoencasa\/wp-json\/wp\/v2\/types\/page"}],"author":[{"embeddable":true,"href":"https:\/\/mowomoevents.com\/yomequedoencasa\/wp-json\/wp\/v2\/users\/3"}],"replies":[{"embeddable":true,"href":"https:\/\/mowomoevents.com\/yomequedoencasa\/wp-json\/wp\/v2\/comments?post=121"}],"version-history":[{"count":5,"href":"https:\/\/mowomoevents.com\/yomequedoencasa\/wp-json\/wp\/v2\/pages\/121\/revisions"}],"predecessor-version":[{"id":3314,"href":"https:\/\/mowomoevents.com\/yomequedoencasa\/wp-json\/wp\/v2\/pages\/121\/revisions\/3314"}],"wp:attachment":[{"href":"https:\/\/mowomoevents.com\/yomequedoencasa\/wp-json\/wp\/v2\/media?parent=121"}],"curies":[{"name":"wp","href":"https:\/\/api.w.org\/{rel}","templated":true}]}}