{"id":1792,"date":"2020-03-17T22:07:59","date_gmt":"2020-03-17T21:07:59","guid":{"rendered":"https:\/\/mowomoevents.com\/yomequedoencasa\/?page_id=1792"},"modified":"2020-04-09T19:01:32","modified_gmt":"2020-04-09T17:01:32","slug":"llamada-a-ponentes","status":"publish","type":"page","link":"https:\/\/mowomoevents.com\/yomequedoencasa\/llamada-a-ponentes\/","title":{"rendered":"Llamada a ponentes"},"content":{"rendered":"\n<p>En mowomo camp <strong>#yomequedoencasa<\/strong> nos gustar\u00eda contar contigo.<\/p>\n\n\n\n<p class=\"has-text-color has-background has-medium-pink-color has-light-pink-background-color\"><strong>NOTA:<\/strong> Te recomendamos que, por favor, si no lo has hecho a\u00fan, leas <a href=\"https:\/\/mowomoevents.com\/yomequedoencasa\/\">sobre c\u00f3mo va ser este evento online<\/a>. <\/p>\n\n\n\n<p>Si eres una persona a la que le gusta <strong>compartir conocimientos <\/strong>y crear sinergias y colaboraciones con otras personas, queremos aprender de ti.<\/p>\n\n\n\n<p><strong>Puedes ofrecer charlas (30 minutos) o talleres (90 minutos)<\/strong> sobre Comercio Electr\u00f3nico (ecommerce), Marketing Online, CMS (WordPress, Drupal, ..), dise\u00f1o web, desarrollo web, aplicaciones m\u00f3viles, hosting, Linux, herramientas de software libre y un muy largo etc\u00e9tera, env\u00edanos tu propuesta, seguro es muy interesante.<\/p>\n\n\n\n<h2 class=\"wp-block-heading\">Beneficios de participar como ponente en el mowomo camp #yomequedoencasa<\/h2>\n\n\n\n<ul><li><strong>Das a conocer personalmente, tus productos y servicios<\/strong> a un amplio n\u00famero de personas, lo que puede convertirse en nuevos clientes.<br><p class=\"numero-suscriptores\">\u00a1Ya somos <span>632<\/span> inscritos!<\/p><\/li><li><strong>Ofreceremos tus servicios profesionales<\/strong> a todos los suscriptores a trav\u00e9s de la lista de correo, nuestro sitio web, nuestras redes sociales y el canal de YouTube a lo largo de todo el evento (\u00a1hasta 40 d\u00edas de promoci\u00f3n!)<\/li><li><strong>Perfil profesional<\/strong> con tu nombre, foto, bio, descripci\u00f3n de tus servicios y enlace a tu web o servicios durante toda la vida de este sitio web.<\/li><li><strong>Participaci\u00f3n especial en promociones espec\u00edficas para ponentes<\/strong> que nos ofrecen los patrocinadores del evento.<\/li><li>Todo esto queda publicado a YouTube y <strong>seguir\u00e1 haciendo su trabajo de promoci\u00f3n por mucho tiempo.<\/strong><\/li><li>Y todo aquello que nos permita <strong>devolverte tu ayuda<\/strong> en nuestro proyecto.<\/li><\/ul>\n\n\n\n<p>\u00a1Gracias!<\/p>\n\n\n\n<p>Por favor, env\u00eda el siguiente formulario con <strong>tu propuesta de ponencia<\/strong>. Haremos una selecci\u00f3n entre todas las propuestas recibidas y te mantendremos informado\/a durante todo el proceso.&nbsp;<\/p>\n\n\n\n<p><strong>Tienes dos formatos disponibles<\/strong>: Ponencia o Taller.&nbsp;<\/p>\n\n\n\n<p>La <strong>ponencia<\/strong> tiene una duraci\u00f3n de unos 30 minutos y el <strong>taller<\/strong>&nbsp;90 minutos.<\/p>\n\n\n\n<p><strong>Las ponencias y talleres ser\u00e1n ofrecidas, online, a trav\u00e9s de nuestro canal de YouTube: <a href=\"https:\/\/youtube.com\/mowomo\" target=\"_blank\" rel=\"noreferrer noopener\" aria-label=\"youtube.com\/mowomo (se abre en una nueva pesta\u00f1a)\">youtube.com\/mowomo<\/a><\/strong><br><br>(Hora peninsular espa\u00f1ola. Horario provisional) <\/p>\n\n\n\n<p><strong>DE LUNES A JUEVES:<\/strong><\/p>\n\n\n\n<ul><li>En horario de ma\u00f1ana: <strong>Charlas de 11:00 a 12:00<\/strong> <strong>h<\/strong>; y <strong>los talleres de 11:00 a 13:00<\/strong> <strong>h<\/strong>.<\/li><li>En horario de tarde: <strong>Charlas de 18:00 a 19:00 h<\/strong>; y <strong>talleres de 18:00 a 20:00 h<\/strong>.<\/li><\/ul>\n\n\n\n<p>Iremos alternando charla y taller para que los horarios no se pisen.<\/p>\n\n\n\n<p><strong>LOS VIERNES:<\/strong><\/p>\n\n\n\n<ul><li><strong>Mesa redonda-debate de 18:00 a 21:00 h<\/strong> (ininterrumpidamente)  a cargo de 6 ponentes.<\/li><\/ul>\n\n\n\n<p>Puedes revisar el <a href=\"https:\/\/mowomoevents.com\/yomequedoencasa\/programa\/\" target=\"_blank\" rel=\"noreferrer noopener\" aria-label=\"programa (se abre en una nueva pesta\u00f1a)\">programa<\/a> para ver los d\u00edas que mejor te cuadren.<\/p>\n\n\n\n<p>\u00a1Gracias!<\/p>\n\n\n\n<h2 class=\"wp-block-heading\">Env\u00eda tus propuestas de charlas y\/o talleres<\/h2>\n\n\n\n<p>\u00a1Puedes enviar las que quieras!<\/p>\n\n\n\n<p class=\"has-text-color has-background has-white-color has-medium-pink-background-color\"><strong>El plazo de presentaci\u00f3n de propuestas est\u00e1 cerrado. \u00a1Muchas gracias!<\/strong><\/p>\n\n\n\n<!-- mowomo-redes-sociales-icons-bar -->\n        <div class=\"mwm_rrss_contenedor mwm_rrss_appearance_1 mwm_rrss_alingment_1\">\n                            <a class=\"mwm_rrss mwm_twitter\" mwm-rrss-url=\"https:\/\/twitter.com\/intent\/tweet?text=Llamada a ponentes https:\/\/mowomoevents.com\/yomequedoencasa\/llamada-a-ponentes\/ v\u00eda @openzink\"><i class=\"icon-rrss-twitter\"><\/i>Twitter<\/a>\n            \n                            <a class=\"mwm_rrss mwm_facebook\" mwm-rrss-url=\"https:\/\/www.facebook.com\/sharer\/sharer.php?u=https:\/\/mowomoevents.com\/yomequedoencasa\/llamada-a-ponentes\/\"><i class=\"icon-rrss-facebook\"><\/i>Facebook<\/a>\n            \n                            <a class=\"mwm_rrss mwm_pinterest\" mwm-rrss-url=\"http:\/\/pinterest.com\/pin\/create\/button\/?url=https:\/\/mowomoevents.com\/yomequedoencasa\/llamada-a-ponentes\/&media=https:\/\/mowomoevents.com\/wp-content\/uploads\/sites\/2\/2020\/03\/WCC20-15.png&description=Llamada a ponentes\"><i class=\"icon-rrss-pinterest\"><\/i>Pinterest <\/a>\n            \n                            <a class=\"mwm_rrss mwm_linkedin\" mwm-rrss-url=\"https:\/\/www.linkedin.com\/shareArticle?mini=true&url=https:\/\/mowomoevents.com\/yomequedoencasa\/llamada-a-ponentes\/&title=Llamada a ponentes&source=https:\/\/mowomoevents.com\/wp-content\/uploads\/sites\/2\/2020\/03\/WCC20-15.png\"><i class=\"icon-rrss-linkedin\"><\/i>LinkedIn <\/a>\n            \n                    <\/div>\n    \n","protected":false},"excerpt":{"rendered":"<p>En mowomo camp #yomequedoencasa nos gustar\u00eda contar contigo. NOTA: Te recomendamos que, por favor, si no lo has hecho a\u00fan, leas sobre c\u00f3mo va ser este evento online. Si eres una persona a la que le gusta compartir conocimientos y crear sinergias y colaboraciones con otras personas, queremos aprender de ti. Puedes ofrecer charlas (30 &hellip; <a href=\"https:\/\/mowomoevents.com\/yomequedoencasa\/llamada-a-ponentes\/\" class=\"more-link\">Sigue leyendo <span class=\"screen-reader-text\">Llamada a ponentes<\/span><\/a><\/p>\n","protected":false},"author":2,"featured_media":2419,"parent":0,"menu_order":0,"comment_status":"closed","ping_status":"closed","template":"","meta":{"footnotes":""},"yoast_head":"<!-- This site is optimized with the Yoast SEO plugin v22.7 - https:\/\/yoast.com\/wordpress\/plugins\/seo\/ -->\n<title>Llamada a ponentes - #yomequedoencasa<\/title>\n<meta name=\"description\" content=\"No importa el nivel que tengas o del sector que seas, tenemos un hueco para ti. No lo dudes m\u00e1s y m\u00e1ndanos tu propuesta de ponencia. \u00a1Te esperamos!\" \/>\n<meta name=\"robots\" content=\"index, follow, max-snippet:-1, max-image-preview:large, max-video-preview:-1\" \/>\n<link rel=\"canonical\" href=\"https:\/\/mowomoevents.com\/yomequedoencasa\/llamada-a-ponentes\/\" \/>\n<meta property=\"og:locale\" content=\"es_ES\" \/>\n<meta property=\"og:type\" content=\"article\" \/>\n<meta property=\"og:title\" content=\"Llamada a ponentes - #yomequedoencasa\" \/>\n<meta property=\"og:description\" content=\"No importa el nivel que tengas o del sector que seas, tenemos un hueco para ti. No lo dudes m\u00e1s y m\u00e1ndanos tu propuesta de ponencia. \u00a1Te esperamos!\" \/>\n<meta property=\"og:url\" content=\"https:\/\/mowomoevents.com\/yomequedoencasa\/llamada-a-ponentes\/\" \/>\n<meta property=\"og:site_name\" content=\"#yomequedoencasa\" \/>\n<meta property=\"article:modified_time\" content=\"2020-04-09T17:01:32+00:00\" \/>\n<meta property=\"og:image\" content=\"https:\/\/mowomoevents.com\/wp-content\/uploads\/sites\/2\/2020\/03\/WCC20-15.png\" \/>\n\t<meta property=\"og:image:width\" content=\"825\" \/>\n\t<meta property=\"og:image:height\" content=\"400\" \/>\n\t<meta property=\"og:image:type\" content=\"image\/png\" \/>\n<meta name=\"twitter:card\" content=\"summary_large_image\" \/>\n<meta name=\"twitter:label1\" content=\"Tiempo de lectura\" \/>\n\t<meta name=\"twitter:data1\" content=\"2 minutos\" \/>\n<script type=\"application\/ld+json\" class=\"yoast-schema-graph\">{\"@context\":\"https:\/\/schema.org\",\"@graph\":[{\"@type\":\"WebPage\",\"@id\":\"https:\/\/mowomoevents.com\/yomequedoencasa\/llamada-a-ponentes\/\",\"url\":\"https:\/\/mowomoevents.com\/yomequedoencasa\/llamada-a-ponentes\/\",\"name\":\"Llamada a ponentes - #yomequedoencasa\",\"isPartOf\":{\"@id\":\"https:\/\/mowomoevents.com\/yomequedoencasa\/#website\"},\"primaryImageOfPage\":{\"@id\":\"https:\/\/mowomoevents.com\/yomequedoencasa\/llamada-a-ponentes\/#primaryimage\"},\"image\":{\"@id\":\"https:\/\/mowomoevents.com\/yomequedoencasa\/llamada-a-ponentes\/#primaryimage\"},\"thumbnailUrl\":\"https:\/\/mowomoevents.com\/wp-content\/uploads\/sites\/2\/2020\/03\/WCC20-15.png\",\"datePublished\":\"2020-03-17T21:07:59+00:00\",\"dateModified\":\"2020-04-09T17:01:32+00:00\",\"description\":\"No importa el nivel que tengas o del sector que seas, tenemos un hueco para ti. No lo dudes m\u00e1s y m\u00e1ndanos tu propuesta de ponencia. \u00a1Te esperamos!\",\"breadcrumb\":{\"@id\":\"https:\/\/mowomoevents.com\/yomequedoencasa\/llamada-a-ponentes\/#breadcrumb\"},\"inLanguage\":\"es\",\"potentialAction\":[{\"@type\":\"ReadAction\",\"target\":[\"https:\/\/mowomoevents.com\/yomequedoencasa\/llamada-a-ponentes\/\"]}]},{\"@type\":\"ImageObject\",\"inLanguage\":\"es\",\"@id\":\"https:\/\/mowomoevents.com\/yomequedoencasa\/llamada-a-ponentes\/#primaryimage\",\"url\":\"https:\/\/mowomoevents.com\/wp-content\/uploads\/sites\/2\/2020\/03\/WCC20-15.png\",\"contentUrl\":\"https:\/\/mowomoevents.com\/wp-content\/uploads\/sites\/2\/2020\/03\/WCC20-15.png\",\"width\":825,\"height\":400,\"caption\":\"Llamada a ponentes del mowomo camp #yomequedoencasa\"},{\"@type\":\"BreadcrumbList\",\"@id\":\"https:\/\/mowomoevents.com\/yomequedoencasa\/llamada-a-ponentes\/#breadcrumb\",\"itemListElement\":[{\"@type\":\"ListItem\",\"position\":1,\"name\":\"Portada\",\"item\":\"https:\/\/mowomoevents.com\/yomequedoencasa\/\"},{\"@type\":\"ListItem\",\"position\":2,\"name\":\"Llamada a ponentes\"}]},{\"@type\":\"WebSite\",\"@id\":\"https:\/\/mowomoevents.com\/yomequedoencasa\/#website\",\"url\":\"https:\/\/mowomoevents.com\/yomequedoencasa\/\",\"name\":\"#yomequedoencasa\",\"description\":\"Evento tecnol\u00f3gico ONLINE que tendr\u00e1 lugar del 23\/03\/2020 al 05\/05\/2020\",\"publisher\":{\"@id\":\"https:\/\/mowomoevents.com\/yomequedoencasa\/#organization\"},\"potentialAction\":[{\"@type\":\"SearchAction\",\"target\":{\"@type\":\"EntryPoint\",\"urlTemplate\":\"https:\/\/mowomoevents.com\/yomequedoencasa\/?s={search_term_string}\"},\"query-input\":\"required name=search_term_string\"}],\"inLanguage\":\"es\"},{\"@type\":\"Organization\",\"@id\":\"https:\/\/mowomoevents.com\/yomequedoencasa\/#organization\",\"name\":\"#yomequedoencasa\",\"url\":\"https:\/\/mowomoevents.com\/yomequedoencasa\/\",\"logo\":{\"@type\":\"ImageObject\",\"inLanguage\":\"es\",\"@id\":\"https:\/\/mowomoevents.com\/yomequedoencasa\/#\/schema\/logo\/image\/\",\"url\":\"https:\/\/mowomoevents.com\/wp-content\/uploads\/sites\/2\/2020\/03\/cropped-mowomo-event-yo-me-quedo-en-casa.png\",\"contentUrl\":\"https:\/\/mowomoevents.com\/wp-content\/uploads\/sites\/2\/2020\/03\/cropped-mowomo-event-yo-me-quedo-en-casa.png\",\"width\":248,\"height\":101,\"caption\":\"#yomequedoencasa\"},\"image\":{\"@id\":\"https:\/\/mowomoevents.com\/yomequedoencasa\/#\/schema\/logo\/image\/\"}}]}<\/script>\n<!-- \/ Yoast SEO plugin. -->","yoast_head_json":{"title":"Llamada a ponentes - #yomequedoencasa","description":"No importa el nivel que tengas o del sector que seas, tenemos un hueco para ti. No lo dudes m\u00e1s y m\u00e1ndanos tu propuesta de ponencia. \u00a1Te esperamos!","robots":{"index":"index","follow":"follow","max-snippet":"max-snippet:-1","max-image-preview":"max-image-preview:large","max-video-preview":"max-video-preview:-1"},"canonical":"https:\/\/mowomoevents.com\/yomequedoencasa\/llamada-a-ponentes\/","og_locale":"es_ES","og_type":"article","og_title":"Llamada a ponentes - #yomequedoencasa","og_description":"No importa el nivel que tengas o del sector que seas, tenemos un hueco para ti. No lo dudes m\u00e1s y m\u00e1ndanos tu propuesta de ponencia. \u00a1Te esperamos!","og_url":"https:\/\/mowomoevents.com\/yomequedoencasa\/llamada-a-ponentes\/","og_site_name":"#yomequedoencasa","article_modified_time":"2020-04-09T17:01:32+00:00","og_image":[{"width":825,"height":400,"url":"https:\/\/mowomoevents.com\/wp-content\/uploads\/sites\/2\/2020\/03\/WCC20-15.png","type":"image\/png"}],"twitter_card":"summary_large_image","twitter_misc":{"Tiempo de lectura":"2 minutos"},"schema":{"@context":"https:\/\/schema.org","@graph":[{"@type":"WebPage","@id":"https:\/\/mowomoevents.com\/yomequedoencasa\/llamada-a-ponentes\/","url":"https:\/\/mowomoevents.com\/yomequedoencasa\/llamada-a-ponentes\/","name":"Llamada a ponentes - #yomequedoencasa","isPartOf":{"@id":"https:\/\/mowomoevents.com\/yomequedoencasa\/#website"},"primaryImageOfPage":{"@id":"https:\/\/mowomoevents.com\/yomequedoencasa\/llamada-a-ponentes\/#primaryimage"},"image":{"@id":"https:\/\/mowomoevents.com\/yomequedoencasa\/llamada-a-ponentes\/#primaryimage"},"thumbnailUrl":"https:\/\/mowomoevents.com\/wp-content\/uploads\/sites\/2\/2020\/03\/WCC20-15.png","datePublished":"2020-03-17T21:07:59+00:00","dateModified":"2020-04-09T17:01:32+00:00","description":"No importa el nivel que tengas o del sector que seas, tenemos un hueco para ti. No lo dudes m\u00e1s y m\u00e1ndanos tu propuesta de ponencia. \u00a1Te esperamos!","breadcrumb":{"@id":"https:\/\/mowomoevents.com\/yomequedoencasa\/llamada-a-ponentes\/#breadcrumb"},"inLanguage":"es","potentialAction":[{"@type":"ReadAction","target":["https:\/\/mowomoevents.com\/yomequedoencasa\/llamada-a-ponentes\/"]}]},{"@type":"ImageObject","inLanguage":"es","@id":"https:\/\/mowomoevents.com\/yomequedoencasa\/llamada-a-ponentes\/#primaryimage","url":"https:\/\/mowomoevents.com\/wp-content\/uploads\/sites\/2\/2020\/03\/WCC20-15.png","contentUrl":"https:\/\/mowomoevents.com\/wp-content\/uploads\/sites\/2\/2020\/03\/WCC20-15.png","width":825,"height":400,"caption":"Llamada a ponentes del mowomo camp #yomequedoencasa"},{"@type":"BreadcrumbList","@id":"https:\/\/mowomoevents.com\/yomequedoencasa\/llamada-a-ponentes\/#breadcrumb","itemListElement":[{"@type":"ListItem","position":1,"name":"Portada","item":"https:\/\/mowomoevents.com\/yomequedoencasa\/"},{"@type":"ListItem","position":2,"name":"Llamada a ponentes"}]},{"@type":"WebSite","@id":"https:\/\/mowomoevents.com\/yomequedoencasa\/#website","url":"https:\/\/mowomoevents.com\/yomequedoencasa\/","name":"#yomequedoencasa","description":"Evento tecnol\u00f3gico ONLINE que tendr\u00e1 lugar del 23\/03\/2020 al 05\/05\/2020","publisher":{"@id":"https:\/\/mowomoevents.com\/yomequedoencasa\/#organization"},"potentialAction":[{"@type":"SearchAction","target":{"@type":"EntryPoint","urlTemplate":"https:\/\/mowomoevents.com\/yomequedoencasa\/?s={search_term_string}"},"query-input":"required name=search_term_string"}],"inLanguage":"es"},{"@type":"Organization","@id":"https:\/\/mowomoevents.com\/yomequedoencasa\/#organization","name":"#yomequedoencasa","url":"https:\/\/mowomoevents.com\/yomequedoencasa\/","logo":{"@type":"ImageObject","inLanguage":"es","@id":"https:\/\/mowomoevents.com\/yomequedoencasa\/#\/schema\/logo\/image\/","url":"https:\/\/mowomoevents.com\/wp-content\/uploads\/sites\/2\/2020\/03\/cropped-mowomo-event-yo-me-quedo-en-casa.png","contentUrl":"https:\/\/mowomoevents.com\/wp-content\/uploads\/sites\/2\/2020\/03\/cropped-mowomo-event-yo-me-quedo-en-casa.png","width":248,"height":101,"caption":"#yomequedoencasa"},"image":{"@id":"https:\/\/mowomoevents.com\/yomequedoencasa\/#\/schema\/logo\/image\/"}}]}},"_links":{"self":[{"href":"https:\/\/mowomoevents.com\/yomequedoencasa\/wp-json\/wp\/v2\/pages\/1792"}],"collection":[{"href":"https:\/\/mowomoevents.com\/yomequedoencasa\/wp-json\/wp\/v2\/pages"}],"about":[{"href":"https:\/\/mowomoevents.com\/yomequedoencasa\/wp-json\/wp\/v2\/types\/page"}],"author":[{"embeddable":true,"href":"https:\/\/mowomoevents.com\/yomequedoencasa\/wp-json\/wp\/v2\/users\/2"}],"replies":[{"embeddable":true,"href":"https:\/\/mowomoevents.com\/yomequedoencasa\/wp-json\/wp\/v2\/comments?post=1792"}],"version-history":[{"count":5,"href":"https:\/\/mowomoevents.com\/yomequedoencasa\/wp-json\/wp\/v2\/pages\/1792\/revisions"}],"predecessor-version":[{"id":2958,"href":"https:\/\/mowomoevents.com\/yomequedoencasa\/wp-json\/wp\/v2\/pages\/1792\/revisions\/2958"}],"wp:featuredmedia":[{"embeddable":true,"href":"https:\/\/mowomoevents.com\/yomequedoencasa\/wp-json\/wp\/v2\/media\/2419"}],"wp:attachment":[{"href":"https:\/\/mowomoevents.com\/yomequedoencasa\/wp-json\/wp\/v2\/media?parent=1792"}],"curies":[{"name":"wp","href":"https:\/\/api.w.org\/{rel}","templated":true}]}}