{"id":1939,"date":"2020-03-18T14:37:24","date_gmt":"2020-03-18T13:37:24","guid":{"rendered":"https:\/\/mowomoevents.com\/yomequedoencasa\/?page_id=1939"},"modified":"2023-09-05T09:50:03","modified_gmt":"2023-09-05T07:50:03","slug":"inscribete-gratis","status":"publish","type":"page","link":"https:\/\/mowomoevents.com\/yomequedoencasa\/inscribete-gratis\/","title":{"rendered":"Inscr\u00edbete gratis"},"content":{"rendered":"<p class=\"numero-suscriptores\">\u00a1Ya somos <span>632<\/span> inscritos!<\/p>\n\n\n\n<h2 class=\"wp-block-heading\">\u00bfQu\u00e9 consigo si me inscribo?<\/h2>\n\n\n\n<ul>\n<li><strong>Promociones especiales<\/strong> por parte de los <strong>patrocinadores<\/strong> del evento.<\/li>\n\n\n\n<li>La posibilidad de <strong>participar en todos los sorteos <\/strong>que se realicen <strong>durante las 6 semanas<\/strong>.<\/li>\n\n\n\n<li>Podr\u00e1s enterarte antes que nadie de todas las <strong>novedades<\/strong> del evento.<\/li>\n<\/ul>\n\n\n\n<p class=\"has-medium-pink-color has-light-pink-background-color has-text-color has-background\">Si quieres apoyar esta iniciativa, recuerda que por una <strong><a href=\"https:\/\/mowomoevents.com\/yomequedoencasa\/llamada-a-patrocinadores\/#micropatrocinio\">peque\u00f1a contribuci\u00f3n<\/a><\/strong> contar\u00e1s con fant\u00e1sticas ventajas.<\/p>\n\n\n\n<p>\u00a1Para los<strong> primeros 500<\/strong> inscritos habr\u00e1 un <strong>Regalo especial<\/strong>!<\/p>\n\n\n\n<h2 class=\"wp-block-heading\">Inscripci\u00f3n al evento online<\/h2>\n\n\n\n<p>Inscr\u00edbete de manera gratuita a la <strong>mowomo camp #yomequedoencasa<\/strong> para poder beneficiarte de las promociones, sorteos y ofertas que tendr\u00e1n lugar <strong>durante los 40 d\u00edas<\/strong> que dura el evento online. <\/p>\n\n\n\n<p class=\"has-medium-pink-color has-light-pink-background-color has-text-color has-background\">Inscripciones cerradas.<\/p>\n","protected":false},"excerpt":{"rendered":"<p>\u00bfQu\u00e9 consigo si me inscribo? Si quieres apoyar esta iniciativa, recuerda que por una peque\u00f1a contribuci\u00f3n contar\u00e1s con fant\u00e1sticas ventajas. \u00a1Para los primeros 500 inscritos habr\u00e1 un Regalo especial! Inscripci\u00f3n al evento online Inscr\u00edbete de manera gratuita a la mowomo camp #yomequedoencasa para poder beneficiarte de las promociones, sorteos y ofertas que tendr\u00e1n lugar durante &hellip; <a href=\"https:\/\/mowomoevents.com\/yomequedoencasa\/inscribete-gratis\/\" class=\"more-link\">Sigue leyendo <span class=\"screen-reader-text\">Inscr\u00edbete gratis<\/span><\/a><\/p>\n","protected":false},"author":1,"featured_media":2417,"parent":0,"menu_order":0,"comment_status":"closed","ping_status":"closed","template":"","meta":{"footnotes":""},"yoast_head":"<!-- This site is optimized with the Yoast SEO plugin v22.7 - https:\/\/yoast.com\/wordpress\/plugins\/seo\/ -->\n<title>Inscr\u00edbete gratis - #yomequedoencasa<\/title>\n<meta name=\"robots\" content=\"index, follow, max-snippet:-1, max-image-preview:large, max-video-preview:-1\" \/>\n<link rel=\"canonical\" href=\"https:\/\/mowomoevents.com\/yomequedoencasa\/inscribete-gratis\/\" \/>\n<meta property=\"og:locale\" content=\"es_ES\" \/>\n<meta property=\"og:type\" content=\"article\" \/>\n<meta property=\"og:title\" content=\"Inscr\u00edbete gratis - #yomequedoencasa\" \/>\n<meta property=\"og:description\" content=\"\u00bfQu\u00e9 consigo si me inscribo? Si quieres apoyar esta iniciativa, recuerda que por una peque\u00f1a contribuci\u00f3n contar\u00e1s con fant\u00e1sticas ventajas. \u00a1Para los primeros 500 inscritos habr\u00e1 un Regalo especial! Inscripci\u00f3n al evento online Inscr\u00edbete de manera gratuita a la mowomo camp #yomequedoencasa para poder beneficiarte de las promociones, sorteos y ofertas que tendr\u00e1n lugar durante &hellip; Sigue leyendo Inscr\u00edbete gratis\" \/>\n<meta property=\"og:url\" content=\"https:\/\/mowomoevents.com\/yomequedoencasa\/inscribete-gratis\/\" \/>\n<meta property=\"og:site_name\" content=\"#yomequedoencasa\" \/>\n<meta property=\"article:modified_time\" content=\"2023-09-05T07:50:03+00:00\" \/>\n<meta property=\"og:image\" content=\"https:\/\/mowomoevents.com\/wp-content\/uploads\/sites\/2\/2020\/03\/WCC20-13.png\" \/>\n\t<meta property=\"og:image:width\" content=\"825\" \/>\n\t<meta property=\"og:image:height\" content=\"400\" \/>\n\t<meta property=\"og:image:type\" content=\"image\/png\" \/>\n<meta name=\"twitter:card\" content=\"summary_large_image\" \/>\n<meta name=\"twitter:label1\" content=\"Tiempo de lectura\" \/>\n\t<meta name=\"twitter:data1\" content=\"1 minuto\" \/>\n<script type=\"application\/ld+json\" class=\"yoast-schema-graph\">{\"@context\":\"https:\/\/schema.org\",\"@graph\":[{\"@type\":\"WebPage\",\"@id\":\"https:\/\/mowomoevents.com\/yomequedoencasa\/inscribete-gratis\/\",\"url\":\"https:\/\/mowomoevents.com\/yomequedoencasa\/inscribete-gratis\/\",\"name\":\"Inscr\u00edbete gratis - #yomequedoencasa\",\"isPartOf\":{\"@id\":\"https:\/\/mowomoevents.com\/yomequedoencasa\/#website\"},\"primaryImageOfPage\":{\"@id\":\"https:\/\/mowomoevents.com\/yomequedoencasa\/inscribete-gratis\/#primaryimage\"},\"image\":{\"@id\":\"https:\/\/mowomoevents.com\/yomequedoencasa\/inscribete-gratis\/#primaryimage\"},\"thumbnailUrl\":\"https:\/\/mowomoevents.com\/wp-content\/uploads\/sites\/2\/2020\/03\/WCC20-13.png\",\"datePublished\":\"2020-03-18T13:37:24+00:00\",\"dateModified\":\"2023-09-05T07:50:03+00:00\",\"breadcrumb\":{\"@id\":\"https:\/\/mowomoevents.com\/yomequedoencasa\/inscribete-gratis\/#breadcrumb\"},\"inLanguage\":\"es\",\"potentialAction\":[{\"@type\":\"ReadAction\",\"target\":[\"https:\/\/mowomoevents.com\/yomequedoencasa\/inscribete-gratis\/\"]}]},{\"@type\":\"ImageObject\",\"inLanguage\":\"es\",\"@id\":\"https:\/\/mowomoevents.com\/yomequedoencasa\/inscribete-gratis\/#primaryimage\",\"url\":\"https:\/\/mowomoevents.com\/wp-content\/uploads\/sites\/2\/2020\/03\/WCC20-13.png\",\"contentUrl\":\"https:\/\/mowomoevents.com\/wp-content\/uploads\/sites\/2\/2020\/03\/WCC20-13.png\",\"width\":825,\"height\":400,\"caption\":\"Inscr\u00edbete gratis al mowomo camp #yomequedoencasa\"},{\"@type\":\"BreadcrumbList\",\"@id\":\"https:\/\/mowomoevents.com\/yomequedoencasa\/inscribete-gratis\/#breadcrumb\",\"itemListElement\":[{\"@type\":\"ListItem\",\"position\":1,\"name\":\"Portada\",\"item\":\"https:\/\/mowomoevents.com\/yomequedoencasa\/\"},{\"@type\":\"ListItem\",\"position\":2,\"name\":\"Inscr\u00edbete gratis\"}]},{\"@type\":\"WebSite\",\"@id\":\"https:\/\/mowomoevents.com\/yomequedoencasa\/#website\",\"url\":\"https:\/\/mowomoevents.com\/yomequedoencasa\/\",\"name\":\"#yomequedoencasa\",\"description\":\"Evento tecnol\u00f3gico ONLINE que tendr\u00e1 lugar del 23\/03\/2020 al 05\/05\/2020\",\"publisher\":{\"@id\":\"https:\/\/mowomoevents.com\/yomequedoencasa\/#organization\"},\"potentialAction\":[{\"@type\":\"SearchAction\",\"target\":{\"@type\":\"EntryPoint\",\"urlTemplate\":\"https:\/\/mowomoevents.com\/yomequedoencasa\/?s={search_term_string}\"},\"query-input\":\"required name=search_term_string\"}],\"inLanguage\":\"es\"},{\"@type\":\"Organization\",\"@id\":\"https:\/\/mowomoevents.com\/yomequedoencasa\/#organization\",\"name\":\"#yomequedoencasa\",\"url\":\"https:\/\/mowomoevents.com\/yomequedoencasa\/\",\"logo\":{\"@type\":\"ImageObject\",\"inLanguage\":\"es\",\"@id\":\"https:\/\/mowomoevents.com\/yomequedoencasa\/#\/schema\/logo\/image\/\",\"url\":\"https:\/\/mowomoevents.com\/wp-content\/uploads\/sites\/2\/2020\/03\/cropped-mowomo-event-yo-me-quedo-en-casa.png\",\"contentUrl\":\"https:\/\/mowomoevents.com\/wp-content\/uploads\/sites\/2\/2020\/03\/cropped-mowomo-event-yo-me-quedo-en-casa.png\",\"width\":248,\"height\":101,\"caption\":\"#yomequedoencasa\"},\"image\":{\"@id\":\"https:\/\/mowomoevents.com\/yomequedoencasa\/#\/schema\/logo\/image\/\"}}]}<\/script>\n<!-- \/ Yoast SEO plugin. -->","yoast_head_json":{"title":"Inscr\u00edbete gratis - #yomequedoencasa","robots":{"index":"index","follow":"follow","max-snippet":"max-snippet:-1","max-image-preview":"max-image-preview:large","max-video-preview":"max-video-preview:-1"},"canonical":"https:\/\/mowomoevents.com\/yomequedoencasa\/inscribete-gratis\/","og_locale":"es_ES","og_type":"article","og_title":"Inscr\u00edbete gratis - #yomequedoencasa","og_description":"\u00bfQu\u00e9 consigo si me inscribo? Si quieres apoyar esta iniciativa, recuerda que por una peque\u00f1a contribuci\u00f3n contar\u00e1s con fant\u00e1sticas ventajas. \u00a1Para los primeros 500 inscritos habr\u00e1 un Regalo especial! Inscripci\u00f3n al evento online Inscr\u00edbete de manera gratuita a la mowomo camp #yomequedoencasa para poder beneficiarte de las promociones, sorteos y ofertas que tendr\u00e1n lugar durante &hellip; Sigue leyendo Inscr\u00edbete gratis","og_url":"https:\/\/mowomoevents.com\/yomequedoencasa\/inscribete-gratis\/","og_site_name":"#yomequedoencasa","article_modified_time":"2023-09-05T07:50:03+00:00","og_image":[{"width":825,"height":400,"url":"https:\/\/mowomoevents.com\/wp-content\/uploads\/sites\/2\/2020\/03\/WCC20-13.png","type":"image\/png"}],"twitter_card":"summary_large_image","twitter_misc":{"Tiempo de lectura":"1 minuto"},"schema":{"@context":"https:\/\/schema.org","@graph":[{"@type":"WebPage","@id":"https:\/\/mowomoevents.com\/yomequedoencasa\/inscribete-gratis\/","url":"https:\/\/mowomoevents.com\/yomequedoencasa\/inscribete-gratis\/","name":"Inscr\u00edbete gratis - #yomequedoencasa","isPartOf":{"@id":"https:\/\/mowomoevents.com\/yomequedoencasa\/#website"},"primaryImageOfPage":{"@id":"https:\/\/mowomoevents.com\/yomequedoencasa\/inscribete-gratis\/#primaryimage"},"image":{"@id":"https:\/\/mowomoevents.com\/yomequedoencasa\/inscribete-gratis\/#primaryimage"},"thumbnailUrl":"https:\/\/mowomoevents.com\/wp-content\/uploads\/sites\/2\/2020\/03\/WCC20-13.png","datePublished":"2020-03-18T13:37:24+00:00","dateModified":"2023-09-05T07:50:03+00:00","breadcrumb":{"@id":"https:\/\/mowomoevents.com\/yomequedoencasa\/inscribete-gratis\/#breadcrumb"},"inLanguage":"es","potentialAction":[{"@type":"ReadAction","target":["https:\/\/mowomoevents.com\/yomequedoencasa\/inscribete-gratis\/"]}]},{"@type":"ImageObject","inLanguage":"es","@id":"https:\/\/mowomoevents.com\/yomequedoencasa\/inscribete-gratis\/#primaryimage","url":"https:\/\/mowomoevents.com\/wp-content\/uploads\/sites\/2\/2020\/03\/WCC20-13.png","contentUrl":"https:\/\/mowomoevents.com\/wp-content\/uploads\/sites\/2\/2020\/03\/WCC20-13.png","width":825,"height":400,"caption":"Inscr\u00edbete gratis al mowomo camp #yomequedoencasa"},{"@type":"BreadcrumbList","@id":"https:\/\/mowomoevents.com\/yomequedoencasa\/inscribete-gratis\/#breadcrumb","itemListElement":[{"@type":"ListItem","position":1,"name":"Portada","item":"https:\/\/mowomoevents.com\/yomequedoencasa\/"},{"@type":"ListItem","position":2,"name":"Inscr\u00edbete gratis"}]},{"@type":"WebSite","@id":"https:\/\/mowomoevents.com\/yomequedoencasa\/#website","url":"https:\/\/mowomoevents.com\/yomequedoencasa\/","name":"#yomequedoencasa","description":"Evento tecnol\u00f3gico ONLINE que tendr\u00e1 lugar del 23\/03\/2020 al 05\/05\/2020","publisher":{"@id":"https:\/\/mowomoevents.com\/yomequedoencasa\/#organization"},"potentialAction":[{"@type":"SearchAction","target":{"@type":"EntryPoint","urlTemplate":"https:\/\/mowomoevents.com\/yomequedoencasa\/?s={search_term_string}"},"query-input":"required name=search_term_string"}],"inLanguage":"es"},{"@type":"Organization","@id":"https:\/\/mowomoevents.com\/yomequedoencasa\/#organization","name":"#yomequedoencasa","url":"https:\/\/mowomoevents.com\/yomequedoencasa\/","logo":{"@type":"ImageObject","inLanguage":"es","@id":"https:\/\/mowomoevents.com\/yomequedoencasa\/#\/schema\/logo\/image\/","url":"https:\/\/mowomoevents.com\/wp-content\/uploads\/sites\/2\/2020\/03\/cropped-mowomo-event-yo-me-quedo-en-casa.png","contentUrl":"https:\/\/mowomoevents.com\/wp-content\/uploads\/sites\/2\/2020\/03\/cropped-mowomo-event-yo-me-quedo-en-casa.png","width":248,"height":101,"caption":"#yomequedoencasa"},"image":{"@id":"https:\/\/mowomoevents.com\/yomequedoencasa\/#\/schema\/logo\/image\/"}}]}},"_links":{"self":[{"href":"https:\/\/mowomoevents.com\/yomequedoencasa\/wp-json\/wp\/v2\/pages\/1939"}],"collection":[{"href":"https:\/\/mowomoevents.com\/yomequedoencasa\/wp-json\/wp\/v2\/pages"}],"about":[{"href":"https:\/\/mowomoevents.com\/yomequedoencasa\/wp-json\/wp\/v2\/types\/page"}],"author":[{"embeddable":true,"href":"https:\/\/mowomoevents.com\/yomequedoencasa\/wp-json\/wp\/v2\/users\/1"}],"replies":[{"embeddable":true,"href":"https:\/\/mowomoevents.com\/yomequedoencasa\/wp-json\/wp\/v2\/comments?post=1939"}],"version-history":[{"count":6,"href":"https:\/\/mowomoevents.com\/yomequedoencasa\/wp-json\/wp\/v2\/pages\/1939\/revisions"}],"predecessor-version":[{"id":4506,"href":"https:\/\/mowomoevents.com\/yomequedoencasa\/wp-json\/wp\/v2\/pages\/1939\/revisions\/4506"}],"wp:featuredmedia":[{"embeddable":true,"href":"https:\/\/mowomoevents.com\/yomequedoencasa\/wp-json\/wp\/v2\/media\/2417"}],"wp:attachment":[{"href":"https:\/\/mowomoevents.com\/yomequedoencasa\/wp-json\/wp\/v2\/media?parent=1939"}],"curies":[{"name":"wp","href":"https:\/\/api.w.org\/{rel}","templated":true}]}}