{"id":2546,"date":"2020-03-26T15:10:58","date_gmt":"2020-03-26T14:10:58","guid":{"rendered":"https:\/\/mowomoevents.com\/yomequedoencasa\/?page_id=2546"},"modified":"2020-04-02T11:30:38","modified_gmt":"2020-04-02T09:30:38","slug":"arsys","status":"publish","type":"page","link":"https:\/\/mowomoevents.com\/yomequedoencasa\/patrocinadores\/arsys\/","title":{"rendered":"Arsys"},"content":{"rendered":"\n<p><a href=\"https:\/\/www.arsys.es\/\" target=\"_blank\" rel=\"noreferrer noopener\">Arsys<\/a>&nbsp;es\n el Proveedor de Servicios Cloud Computing que lidera el mercado espa\u00f1ol\n de soluciones de Internet para empresas y profesionales IT.Pionero del \nCloud Hosting en Europa gracias a su compromiso con la innovaci\u00f3n, Arsys\n facilita la integraci\u00f3n de las Tecnolog\u00edas de la Informaci\u00f3n en el \nnegocio a trav\u00e9s de una amplia oferta de soluciones de Presencia Web, \nCloud Computing, Hosting Gestionado e Infraestructura como Servicio.<\/p>\n\n\n\n<p>Con 266.000 clientes, Arsys es una filial 100% participada por el \nGrupo United Internet, compa\u00f1\u00eda cotizada con una capitalizaci\u00f3n burs\u00e1til\n de m\u00e1s de 10.000 millones de euros. Arsys cuenta con una plantilla de \nm\u00e1s de 300 profesionales y gestiona tres Centros de Datos en Espa\u00f1a y un\n nodo Cloud en Estados Unidos, en los que est\u00e1n alojadas m\u00e1s de 200.000 \np\u00e1ginas web y 1,5 millones de cuentas de correo electr\u00f3nico.<\/p>\n\n\n\n<p>M\u00e1s informaci\u00f3n en\u00a0<a rel=\"noreferrer noopener\" href=\"https:\/\/www.arsys.es\/\" target=\"_blank\">www.arsys.es<\/a>, el\u00a0<a rel=\"noreferrer noopener\" href=\"https:\/\/www.arsys.es\/blog\/\" target=\"_blank\">blog de Arsys<\/a>, Twitter (<a rel=\"noreferrer noopener\" href=\"https:\/\/twitter.com\/arsys\" target=\"_blank\">@arsys<\/a>) y en las p\u00e1ginas de Arsys en\u00a0<a rel=\"noreferrer noopener\" href=\"https:\/\/www.facebook.com\/arsys.es\/\" target=\"_blank\">Facebook<\/a> y\u00a0<a rel=\"noreferrer noopener\" href=\"https:\/\/www.linkedin.com\/company\/arsys-internet\" target=\"_blank\">LinkedIn<\/a>.<\/p>\n\n\n\n<p><\/p>\n\n\n\n<h2 class=\"wp-block-heading\">Promociones activas<\/h2>\n\n\n\n<p>Pod\u00e9is disfrutar de una promocion especial des sus planes de hosting en el siguiente enlace.<\/p>\n\n\n\n<p><a href=\"https:\/\/www.arsys.es\/ms\/mowomo\">Promoci\u00f3n especial para la mowomo camp #yomequedoencasa<\/a><\/p>\n","protected":false},"excerpt":{"rendered":"<p>Arsys&nbsp;es el Proveedor de Servicios Cloud Computing que lidera el mercado espa\u00f1ol de soluciones de Internet para empresas y profesionales IT.Pionero del Cloud Hosting en Europa gracias a su compromiso con la innovaci\u00f3n, Arsys facilita la integraci\u00f3n de las Tecnolog\u00edas de la Informaci\u00f3n en el negocio a trav\u00e9s de una amplia oferta de soluciones de &hellip; <a href=\"https:\/\/mowomoevents.com\/yomequedoencasa\/patrocinadores\/arsys\/\" class=\"more-link\">Sigue leyendo <span class=\"screen-reader-text\">Arsys<\/span><\/a><\/p>\n","protected":false},"author":1,"featured_media":2387,"parent":29,"menu_order":0,"comment_status":"closed","ping_status":"closed","template":"","meta":{"footnotes":""},"yoast_head":"<!-- This site is optimized with the Yoast SEO plugin v22.7 - https:\/\/yoast.com\/wordpress\/plugins\/seo\/ -->\n<title>Arsys - #yomequedoencasa<\/title>\n<meta name=\"robots\" content=\"index, follow, max-snippet:-1, max-image-preview:large, max-video-preview:-1\" \/>\n<link rel=\"canonical\" href=\"https:\/\/mowomoevents.com\/yomequedoencasa\/patrocinadores\/arsys\/\" \/>\n<meta property=\"og:locale\" content=\"es_ES\" \/>\n<meta property=\"og:type\" content=\"article\" \/>\n<meta property=\"og:title\" content=\"Arsys - #yomequedoencasa\" \/>\n<meta property=\"og:description\" content=\"Arsys&nbsp;es el Proveedor de Servicios Cloud Computing que lidera el mercado espa\u00f1ol de soluciones de Internet para empresas y profesionales IT.Pionero del Cloud Hosting en Europa gracias a su compromiso con la innovaci\u00f3n, Arsys facilita la integraci\u00f3n de las Tecnolog\u00edas de la Informaci\u00f3n en el negocio a trav\u00e9s de una amplia oferta de soluciones de &hellip; Sigue leyendo Arsys\" \/>\n<meta property=\"og:url\" content=\"https:\/\/mowomoevents.com\/yomequedoencasa\/patrocinadores\/arsys\/\" \/>\n<meta property=\"og:site_name\" content=\"#yomequedoencasa\" \/>\n<meta property=\"article:modified_time\" content=\"2020-04-02T09:30:38+00:00\" \/>\n<meta property=\"og:image\" content=\"https:\/\/mowomoevents.com\/wp-content\/uploads\/sites\/2\/2020\/03\/logo-arsys.jpg\" \/>\n\t<meta property=\"og:image:width\" content=\"700\" \/>\n\t<meta property=\"og:image:height\" content=\"384\" \/>\n\t<meta property=\"og:image:type\" content=\"image\/jpeg\" \/>\n<meta name=\"twitter:card\" content=\"summary_large_image\" \/>\n<meta name=\"twitter:label1\" content=\"Tiempo de lectura\" \/>\n\t<meta name=\"twitter:data1\" content=\"1 minuto\" \/>\n<script type=\"application\/ld+json\" class=\"yoast-schema-graph\">{\"@context\":\"https:\/\/schema.org\",\"@graph\":[{\"@type\":\"WebPage\",\"@id\":\"https:\/\/mowomoevents.com\/yomequedoencasa\/patrocinadores\/arsys\/\",\"url\":\"https:\/\/mowomoevents.com\/yomequedoencasa\/patrocinadores\/arsys\/\",\"name\":\"Arsys - #yomequedoencasa\",\"isPartOf\":{\"@id\":\"https:\/\/mowomoevents.com\/yomequedoencasa\/#website\"},\"primaryImageOfPage\":{\"@id\":\"https:\/\/mowomoevents.com\/yomequedoencasa\/patrocinadores\/arsys\/#primaryimage\"},\"image\":{\"@id\":\"https:\/\/mowomoevents.com\/yomequedoencasa\/patrocinadores\/arsys\/#primaryimage\"},\"thumbnailUrl\":\"https:\/\/mowomoevents.com\/wp-content\/uploads\/sites\/2\/2020\/03\/logo-arsys.jpg\",\"datePublished\":\"2020-03-26T14:10:58+00:00\",\"dateModified\":\"2020-04-02T09:30:38+00:00\",\"breadcrumb\":{\"@id\":\"https:\/\/mowomoevents.com\/yomequedoencasa\/patrocinadores\/arsys\/#breadcrumb\"},\"inLanguage\":\"es\",\"potentialAction\":[{\"@type\":\"ReadAction\",\"target\":[\"https:\/\/mowomoevents.com\/yomequedoencasa\/patrocinadores\/arsys\/\"]}]},{\"@type\":\"ImageObject\",\"inLanguage\":\"es\",\"@id\":\"https:\/\/mowomoevents.com\/yomequedoencasa\/patrocinadores\/arsys\/#primaryimage\",\"url\":\"https:\/\/mowomoevents.com\/wp-content\/uploads\/sites\/2\/2020\/03\/logo-arsys.jpg\",\"contentUrl\":\"https:\/\/mowomoevents.com\/wp-content\/uploads\/sites\/2\/2020\/03\/logo-arsys.jpg\",\"width\":700,\"height\":384},{\"@type\":\"BreadcrumbList\",\"@id\":\"https:\/\/mowomoevents.com\/yomequedoencasa\/patrocinadores\/arsys\/#breadcrumb\",\"itemListElement\":[{\"@type\":\"ListItem\",\"position\":1,\"name\":\"Portada\",\"item\":\"https:\/\/mowomoevents.com\/yomequedoencasa\/\"},{\"@type\":\"ListItem\",\"position\":2,\"name\":\"Patrocinadores\",\"item\":\"https:\/\/mowomoevents.com\/yomequedoencasa\/patrocinadores\/\"},{\"@type\":\"ListItem\",\"position\":3,\"name\":\"Arsys\"}]},{\"@type\":\"WebSite\",\"@id\":\"https:\/\/mowomoevents.com\/yomequedoencasa\/#website\",\"url\":\"https:\/\/mowomoevents.com\/yomequedoencasa\/\",\"name\":\"#yomequedoencasa\",\"description\":\"Evento tecnol\u00f3gico ONLINE que tendr\u00e1 lugar del 23\/03\/2020 al 05\/05\/2020\",\"publisher\":{\"@id\":\"https:\/\/mowomoevents.com\/yomequedoencasa\/#organization\"},\"potentialAction\":[{\"@type\":\"SearchAction\",\"target\":{\"@type\":\"EntryPoint\",\"urlTemplate\":\"https:\/\/mowomoevents.com\/yomequedoencasa\/?s={search_term_string}\"},\"query-input\":\"required name=search_term_string\"}],\"inLanguage\":\"es\"},{\"@type\":\"Organization\",\"@id\":\"https:\/\/mowomoevents.com\/yomequedoencasa\/#organization\",\"name\":\"#yomequedoencasa\",\"url\":\"https:\/\/mowomoevents.com\/yomequedoencasa\/\",\"logo\":{\"@type\":\"ImageObject\",\"inLanguage\":\"es\",\"@id\":\"https:\/\/mowomoevents.com\/yomequedoencasa\/#\/schema\/logo\/image\/\",\"url\":\"https:\/\/mowomoevents.com\/wp-content\/uploads\/sites\/2\/2020\/03\/cropped-mowomo-event-yo-me-quedo-en-casa.png\",\"contentUrl\":\"https:\/\/mowomoevents.com\/wp-content\/uploads\/sites\/2\/2020\/03\/cropped-mowomo-event-yo-me-quedo-en-casa.png\",\"width\":248,\"height\":101,\"caption\":\"#yomequedoencasa\"},\"image\":{\"@id\":\"https:\/\/mowomoevents.com\/yomequedoencasa\/#\/schema\/logo\/image\/\"}}]}<\/script>\n<!-- \/ Yoast SEO plugin. -->","yoast_head_json":{"title":"Arsys - #yomequedoencasa","robots":{"index":"index","follow":"follow","max-snippet":"max-snippet:-1","max-image-preview":"max-image-preview:large","max-video-preview":"max-video-preview:-1"},"canonical":"https:\/\/mowomoevents.com\/yomequedoencasa\/patrocinadores\/arsys\/","og_locale":"es_ES","og_type":"article","og_title":"Arsys - #yomequedoencasa","og_description":"Arsys&nbsp;es el Proveedor de Servicios Cloud Computing que lidera el mercado espa\u00f1ol de soluciones de Internet para empresas y profesionales IT.Pionero del Cloud Hosting en Europa gracias a su compromiso con la innovaci\u00f3n, Arsys facilita la integraci\u00f3n de las Tecnolog\u00edas de la Informaci\u00f3n en el negocio a trav\u00e9s de una amplia oferta de soluciones de &hellip; Sigue leyendo Arsys","og_url":"https:\/\/mowomoevents.com\/yomequedoencasa\/patrocinadores\/arsys\/","og_site_name":"#yomequedoencasa","article_modified_time":"2020-04-02T09:30:38+00:00","og_image":[{"width":700,"height":384,"url":"https:\/\/mowomoevents.com\/wp-content\/uploads\/sites\/2\/2020\/03\/logo-arsys.jpg","type":"image\/jpeg"}],"twitter_card":"summary_large_image","twitter_misc":{"Tiempo de lectura":"1 minuto"},"schema":{"@context":"https:\/\/schema.org","@graph":[{"@type":"WebPage","@id":"https:\/\/mowomoevents.com\/yomequedoencasa\/patrocinadores\/arsys\/","url":"https:\/\/mowomoevents.com\/yomequedoencasa\/patrocinadores\/arsys\/","name":"Arsys - #yomequedoencasa","isPartOf":{"@id":"https:\/\/mowomoevents.com\/yomequedoencasa\/#website"},"primaryImageOfPage":{"@id":"https:\/\/mowomoevents.com\/yomequedoencasa\/patrocinadores\/arsys\/#primaryimage"},"image":{"@id":"https:\/\/mowomoevents.com\/yomequedoencasa\/patrocinadores\/arsys\/#primaryimage"},"thumbnailUrl":"https:\/\/mowomoevents.com\/wp-content\/uploads\/sites\/2\/2020\/03\/logo-arsys.jpg","datePublished":"2020-03-26T14:10:58+00:00","dateModified":"2020-04-02T09:30:38+00:00","breadcrumb":{"@id":"https:\/\/mowomoevents.com\/yomequedoencasa\/patrocinadores\/arsys\/#breadcrumb"},"inLanguage":"es","potentialAction":[{"@type":"ReadAction","target":["https:\/\/mowomoevents.com\/yomequedoencasa\/patrocinadores\/arsys\/"]}]},{"@type":"ImageObject","inLanguage":"es","@id":"https:\/\/mowomoevents.com\/yomequedoencasa\/patrocinadores\/arsys\/#primaryimage","url":"https:\/\/mowomoevents.com\/wp-content\/uploads\/sites\/2\/2020\/03\/logo-arsys.jpg","contentUrl":"https:\/\/mowomoevents.com\/wp-content\/uploads\/sites\/2\/2020\/03\/logo-arsys.jpg","width":700,"height":384},{"@type":"BreadcrumbList","@id":"https:\/\/mowomoevents.com\/yomequedoencasa\/patrocinadores\/arsys\/#breadcrumb","itemListElement":[{"@type":"ListItem","position":1,"name":"Portada","item":"https:\/\/mowomoevents.com\/yomequedoencasa\/"},{"@type":"ListItem","position":2,"name":"Patrocinadores","item":"https:\/\/mowomoevents.com\/yomequedoencasa\/patrocinadores\/"},{"@type":"ListItem","position":3,"name":"Arsys"}]},{"@type":"WebSite","@id":"https:\/\/mowomoevents.com\/yomequedoencasa\/#website","url":"https:\/\/mowomoevents.com\/yomequedoencasa\/","name":"#yomequedoencasa","description":"Evento tecnol\u00f3gico ONLINE que tendr\u00e1 lugar del 23\/03\/2020 al 05\/05\/2020","publisher":{"@id":"https:\/\/mowomoevents.com\/yomequedoencasa\/#organization"},"potentialAction":[{"@type":"SearchAction","target":{"@type":"EntryPoint","urlTemplate":"https:\/\/mowomoevents.com\/yomequedoencasa\/?s={search_term_string}"},"query-input":"required name=search_term_string"}],"inLanguage":"es"},{"@type":"Organization","@id":"https:\/\/mowomoevents.com\/yomequedoencasa\/#organization","name":"#yomequedoencasa","url":"https:\/\/mowomoevents.com\/yomequedoencasa\/","logo":{"@type":"ImageObject","inLanguage":"es","@id":"https:\/\/mowomoevents.com\/yomequedoencasa\/#\/schema\/logo\/image\/","url":"https:\/\/mowomoevents.com\/wp-content\/uploads\/sites\/2\/2020\/03\/cropped-mowomo-event-yo-me-quedo-en-casa.png","contentUrl":"https:\/\/mowomoevents.com\/wp-content\/uploads\/sites\/2\/2020\/03\/cropped-mowomo-event-yo-me-quedo-en-casa.png","width":248,"height":101,"caption":"#yomequedoencasa"},"image":{"@id":"https:\/\/mowomoevents.com\/yomequedoencasa\/#\/schema\/logo\/image\/"}}]}},"_links":{"self":[{"href":"https:\/\/mowomoevents.com\/yomequedoencasa\/wp-json\/wp\/v2\/pages\/2546"}],"collection":[{"href":"https:\/\/mowomoevents.com\/yomequedoencasa\/wp-json\/wp\/v2\/pages"}],"about":[{"href":"https:\/\/mowomoevents.com\/yomequedoencasa\/wp-json\/wp\/v2\/types\/page"}],"author":[{"embeddable":true,"href":"https:\/\/mowomoevents.com\/yomequedoencasa\/wp-json\/wp\/v2\/users\/1"}],"replies":[{"embeddable":true,"href":"https:\/\/mowomoevents.com\/yomequedoencasa\/wp-json\/wp\/v2\/comments?post=2546"}],"version-history":[{"count":4,"href":"https:\/\/mowomoevents.com\/yomequedoencasa\/wp-json\/wp\/v2\/pages\/2546\/revisions"}],"predecessor-version":[{"id":2746,"href":"https:\/\/mowomoevents.com\/yomequedoencasa\/wp-json\/wp\/v2\/pages\/2546\/revisions\/2746"}],"up":[{"embeddable":true,"href":"https:\/\/mowomoevents.com\/yomequedoencasa\/wp-json\/wp\/v2\/pages\/29"}],"wp:featuredmedia":[{"embeddable":true,"href":"https:\/\/mowomoevents.com\/yomequedoencasa\/wp-json\/wp\/v2\/media\/2387"}],"wp:attachment":[{"href":"https:\/\/mowomoevents.com\/yomequedoencasa\/wp-json\/wp\/v2\/media?parent=2546"}],"curies":[{"name":"wp","href":"https:\/\/api.w.org\/{rel}","templated":true}]}}