{"id":2549,"date":"2020-03-26T15:11:30","date_gmt":"2020-03-26T14:11:30","guid":{"rendered":"https:\/\/mowomoevents.com\/yomequedoencasa\/?page_id=2549"},"modified":"2020-03-30T19:54:47","modified_gmt":"2020-03-30T17:54:47","slug":"siteground","status":"publish","type":"page","link":"https:\/\/mowomoevents.com\/yomequedoencasa\/patrocinadores\/siteground\/","title":{"rendered":"SiteGround"},"content":{"rendered":"\n<p>Desde 2004, <a href=\"http:\/\/www.siteground.es\/\">SiteGround<\/a> ha ofrecido servicios de hosting de calidad donde en la actualidad se  alojan m\u00e1s de 2.000.000 dominios.&nbsp;<\/p>\n\n\n\n<p>Somos una empresa l\u00edder de hosting  web&nbsp;reconocidos internacionalmente por nuestro enfoque \u00fanico en  alojamiento web, ofrecemos servicios que la mayor\u00eda de compa\u00f1\u00edas no  considerar\u00edan posibles. <\/p>\n\n\n\n<p>Con un enfoque en rendimiento, seguridad y  atenci\u00f3n al cliente superior, las soluciones creadas por SiteGround te  protegen de posibles ataques y pueden hacer que tu web sea 100 veces m\u00e1s  r\u00e1pida. Lo mejor es que tenemos un soporte t\u00e9cnico r\u00e1pido,  experimentado y amigable disponible las 24 horas, los 7 d\u00edas de la  semana. <\/p>\n\n\n\n<p>Los usuarios m\u00e1s t\u00e9cnicos estar\u00e1n encantados con herramientas  extra como certificados SSL gratuitos con cada cuenta de hosting,  actualizaciones de software autom\u00e1tico, cach\u00e9 a nivel de servidor, CDN,  herramienta staging y la integraci\u00f3n de GIT.<\/p>\n\n\n\n<p>Puedes visitarnos en&nbsp;<a rel=\"noreferrer noopener\" href=\"https:\/\/www.siteground.es\/\" target=\"_blank\">Siteground.es<\/a>&nbsp;o hablarnos a trav\u00e9s de&nbsp;<a rel=\"noreferrer noopener\" href=\"https:\/\/twitter.com\/siteground_es\" target=\"_blank\">Twitter<\/a>.<\/p>\n\n\n\n<hr class=\"wp-block-separator\"\/>\n\n\n\n<p>Since 2004,&nbsp;<a href=\"http:\/\/www.siteground.com\/\">SiteGround<\/a> has offered high-quality hosting services which now power more than  2&nbsp;million&nbsp;domains. <\/p>\n\n\n\n<p>Considered a leading web hosting company and  internationally recognized for their unique approach to hosting, they  offer services most hosting companies wouldn\u2019t even consider possible. <\/p>\n\n\n\n<p> With a focus on performance, security, and unmatched customer service,  SiteGround\u2019s in-house solutions protect you from hacks and can make your  website run over 100x faster. <\/p>\n\n\n\n<p>The best part is they have fast,  experienced, and super friendly support staff available 24\/7! Geekier  customers will love the extra features like free SSL certificate with  each hosting account, automatic software updates, built-in caching, CDN,  staging tool, and GIT integration.<\/p>\n\n\n\n<p>You can visit us at&nbsp;<a rel=\"noreferrer noopener\" href=\"https:\/\/siteground.com\/\" target=\"_blank\">Siteground.com<\/a>&nbsp;or talk with us through&nbsp;<a href=\"https:\/\/twitter.com\/siteground\">Twitter<\/a>.<\/p>\n\n\n\n<figure class=\"wp-block-embed-youtube aligncenter wp-block-embed is-type-video is-provider-youtube wp-embed-aspect-16-9 wp-has-aspect-ratio\"><div class=\"wp-block-embed__wrapper\">\n<iframe loading=\"lazy\" title=\"Site Tools y \u00c1rea de usuario de SiteGround\" width=\"660\" height=\"371\" src=\"https:\/\/www.youtube.com\/embed\/qap6FWcLp3A?feature=oembed\" frameborder=\"0\" allow=\"accelerometer; autoplay; clipboard-write; encrypted-media; gyroscope; picture-in-picture; web-share\" referrerpolicy=\"strict-origin-when-cross-origin\" allowfullscreen><\/iframe>\n<\/div><\/figure>\n\n\n\n<div class=\"wp-block-image\"><figure class=\"aligncenter size-large\"><img loading=\"lazy\" decoding=\"async\" width=\"640\" height=\"360\" src=\"http:\/\/mowomoevents.com\/wp-content\/uploads\/sites\/2\/2020\/03\/Promo-SiteGround-mowomocamp.jpeg\" alt=\"Promo SiteGround mowomo camp #yomequedoencasa\" class=\"wp-image-2623\" srcset=\"https:\/\/mowomoevents.com\/wp-content\/uploads\/sites\/2\/2020\/03\/Promo-SiteGround-mowomocamp.jpeg 640w, https:\/\/mowomoevents.com\/wp-content\/uploads\/sites\/2\/2020\/03\/Promo-SiteGround-mowomocamp-300x169.jpeg 300w, https:\/\/mowomoevents.com\/wp-content\/uploads\/sites\/2\/2020\/03\/Promo-SiteGround-mowomocamp-150x84.jpeg 150w\" sizes=\"(max-width: 640px) 100vw, 640px\" \/><\/figure><\/div>\n\n\n\n<div class=\"wp-block-button aligncenter\"><a class=\"wp-block-button__link has-background\" href=\"https:\/\/bit.ly\/2WKmA4C\" style=\"background-color:#96ca4f\">M\u00e1s info<\/a><\/div>\n","protected":false},"excerpt":{"rendered":"<p>Desde 2004, SiteGround ha ofrecido servicios de hosting de calidad donde en la actualidad se alojan m\u00e1s de 2.000.000 dominios.&nbsp; Somos una empresa l\u00edder de hosting web&nbsp;reconocidos internacionalmente por nuestro enfoque \u00fanico en alojamiento web, ofrecemos servicios que la mayor\u00eda de compa\u00f1\u00edas no considerar\u00edan posibles. Con un enfoque en rendimiento, seguridad y atenci\u00f3n al cliente &hellip; <a href=\"https:\/\/mowomoevents.com\/yomequedoencasa\/patrocinadores\/siteground\/\" class=\"more-link\">Sigue leyendo <span class=\"screen-reader-text\">SiteGround<\/span><\/a><\/p>\n","protected":false},"author":1,"featured_media":2416,"parent":29,"menu_order":0,"comment_status":"closed","ping_status":"closed","template":"","meta":{"footnotes":""},"yoast_head":"<!-- This site is optimized with the Yoast SEO plugin v22.7 - https:\/\/yoast.com\/wordpress\/plugins\/seo\/ -->\n<title>SiteGround - #yomequedoencasa<\/title>\n<meta name=\"robots\" content=\"index, follow, max-snippet:-1, max-image-preview:large, max-video-preview:-1\" \/>\n<link rel=\"canonical\" href=\"https:\/\/mowomoevents.com\/yomequedoencasa\/patrocinadores\/siteground\/\" \/>\n<meta property=\"og:locale\" content=\"es_ES\" \/>\n<meta property=\"og:type\" content=\"article\" \/>\n<meta property=\"og:title\" content=\"SiteGround - #yomequedoencasa\" \/>\n<meta property=\"og:description\" content=\"Desde 2004, SiteGround ha ofrecido servicios de hosting de calidad donde en la actualidad se alojan m\u00e1s de 2.000.000 dominios.&nbsp; Somos una empresa l\u00edder de hosting web&nbsp;reconocidos internacionalmente por nuestro enfoque \u00fanico en alojamiento web, ofrecemos servicios que la mayor\u00eda de compa\u00f1\u00edas no considerar\u00edan posibles. Con un enfoque en rendimiento, seguridad y atenci\u00f3n al cliente &hellip; Sigue leyendo SiteGround\" \/>\n<meta property=\"og:url\" content=\"https:\/\/mowomoevents.com\/yomequedoencasa\/patrocinadores\/siteground\/\" \/>\n<meta property=\"og:site_name\" content=\"#yomequedoencasa\" \/>\n<meta property=\"article:modified_time\" content=\"2020-03-30T17:54:47+00:00\" \/>\n<meta property=\"og:image\" content=\"https:\/\/mowomoevents.com\/wp-content\/uploads\/sites\/2\/2020\/03\/logo-SiteGround.jpg\" \/>\n\t<meta property=\"og:image:width\" content=\"700\" \/>\n\t<meta property=\"og:image:height\" content=\"384\" \/>\n\t<meta property=\"og:image:type\" content=\"image\/jpeg\" \/>\n<meta name=\"twitter:card\" content=\"summary_large_image\" \/>\n<meta name=\"twitter:label1\" content=\"Tiempo de lectura\" \/>\n\t<meta name=\"twitter:data1\" content=\"2 minutos\" \/>\n<script type=\"application\/ld+json\" class=\"yoast-schema-graph\">{\"@context\":\"https:\/\/schema.org\",\"@graph\":[{\"@type\":\"WebPage\",\"@id\":\"https:\/\/mowomoevents.com\/yomequedoencasa\/patrocinadores\/siteground\/\",\"url\":\"https:\/\/mowomoevents.com\/yomequedoencasa\/patrocinadores\/siteground\/\",\"name\":\"SiteGround - #yomequedoencasa\",\"isPartOf\":{\"@id\":\"https:\/\/mowomoevents.com\/yomequedoencasa\/#website\"},\"primaryImageOfPage\":{\"@id\":\"https:\/\/mowomoevents.com\/yomequedoencasa\/patrocinadores\/siteground\/#primaryimage\"},\"image\":{\"@id\":\"https:\/\/mowomoevents.com\/yomequedoencasa\/patrocinadores\/siteground\/#primaryimage\"},\"thumbnailUrl\":\"https:\/\/mowomoevents.com\/wp-content\/uploads\/sites\/2\/2020\/03\/logo-SiteGround.jpg\",\"datePublished\":\"2020-03-26T14:11:30+00:00\",\"dateModified\":\"2020-03-30T17:54:47+00:00\",\"breadcrumb\":{\"@id\":\"https:\/\/mowomoevents.com\/yomequedoencasa\/patrocinadores\/siteground\/#breadcrumb\"},\"inLanguage\":\"es\",\"potentialAction\":[{\"@type\":\"ReadAction\",\"target\":[\"https:\/\/mowomoevents.com\/yomequedoencasa\/patrocinadores\/siteground\/\"]}]},{\"@type\":\"ImageObject\",\"inLanguage\":\"es\",\"@id\":\"https:\/\/mowomoevents.com\/yomequedoencasa\/patrocinadores\/siteground\/#primaryimage\",\"url\":\"https:\/\/mowomoevents.com\/wp-content\/uploads\/sites\/2\/2020\/03\/logo-SiteGround.jpg\",\"contentUrl\":\"https:\/\/mowomoevents.com\/wp-content\/uploads\/sites\/2\/2020\/03\/logo-SiteGround.jpg\",\"width\":700,\"height\":384},{\"@type\":\"BreadcrumbList\",\"@id\":\"https:\/\/mowomoevents.com\/yomequedoencasa\/patrocinadores\/siteground\/#breadcrumb\",\"itemListElement\":[{\"@type\":\"ListItem\",\"position\":1,\"name\":\"Portada\",\"item\":\"https:\/\/mowomoevents.com\/yomequedoencasa\/\"},{\"@type\":\"ListItem\",\"position\":2,\"name\":\"Patrocinadores\",\"item\":\"https:\/\/mowomoevents.com\/yomequedoencasa\/patrocinadores\/\"},{\"@type\":\"ListItem\",\"position\":3,\"name\":\"SiteGround\"}]},{\"@type\":\"WebSite\",\"@id\":\"https:\/\/mowomoevents.com\/yomequedoencasa\/#website\",\"url\":\"https:\/\/mowomoevents.com\/yomequedoencasa\/\",\"name\":\"#yomequedoencasa\",\"description\":\"Evento tecnol\u00f3gico ONLINE que tendr\u00e1 lugar del 23\/03\/2020 al 05\/05\/2020\",\"publisher\":{\"@id\":\"https:\/\/mowomoevents.com\/yomequedoencasa\/#organization\"},\"potentialAction\":[{\"@type\":\"SearchAction\",\"target\":{\"@type\":\"EntryPoint\",\"urlTemplate\":\"https:\/\/mowomoevents.com\/yomequedoencasa\/?s={search_term_string}\"},\"query-input\":\"required name=search_term_string\"}],\"inLanguage\":\"es\"},{\"@type\":\"Organization\",\"@id\":\"https:\/\/mowomoevents.com\/yomequedoencasa\/#organization\",\"name\":\"#yomequedoencasa\",\"url\":\"https:\/\/mowomoevents.com\/yomequedoencasa\/\",\"logo\":{\"@type\":\"ImageObject\",\"inLanguage\":\"es\",\"@id\":\"https:\/\/mowomoevents.com\/yomequedoencasa\/#\/schema\/logo\/image\/\",\"url\":\"https:\/\/mowomoevents.com\/wp-content\/uploads\/sites\/2\/2020\/03\/cropped-mowomo-event-yo-me-quedo-en-casa.png\",\"contentUrl\":\"https:\/\/mowomoevents.com\/wp-content\/uploads\/sites\/2\/2020\/03\/cropped-mowomo-event-yo-me-quedo-en-casa.png\",\"width\":248,\"height\":101,\"caption\":\"#yomequedoencasa\"},\"image\":{\"@id\":\"https:\/\/mowomoevents.com\/yomequedoencasa\/#\/schema\/logo\/image\/\"}}]}<\/script>\n<!-- \/ Yoast SEO plugin. -->","yoast_head_json":{"title":"SiteGround - #yomequedoencasa","robots":{"index":"index","follow":"follow","max-snippet":"max-snippet:-1","max-image-preview":"max-image-preview:large","max-video-preview":"max-video-preview:-1"},"canonical":"https:\/\/mowomoevents.com\/yomequedoencasa\/patrocinadores\/siteground\/","og_locale":"es_ES","og_type":"article","og_title":"SiteGround - #yomequedoencasa","og_description":"Desde 2004, SiteGround ha ofrecido servicios de hosting de calidad donde en la actualidad se alojan m\u00e1s de 2.000.000 dominios.&nbsp; Somos una empresa l\u00edder de hosting web&nbsp;reconocidos internacionalmente por nuestro enfoque \u00fanico en alojamiento web, ofrecemos servicios que la mayor\u00eda de compa\u00f1\u00edas no considerar\u00edan posibles. Con un enfoque en rendimiento, seguridad y atenci\u00f3n al cliente &hellip; Sigue leyendo SiteGround","og_url":"https:\/\/mowomoevents.com\/yomequedoencasa\/patrocinadores\/siteground\/","og_site_name":"#yomequedoencasa","article_modified_time":"2020-03-30T17:54:47+00:00","og_image":[{"width":700,"height":384,"url":"https:\/\/mowomoevents.com\/wp-content\/uploads\/sites\/2\/2020\/03\/logo-SiteGround.jpg","type":"image\/jpeg"}],"twitter_card":"summary_large_image","twitter_misc":{"Tiempo de lectura":"2 minutos"},"schema":{"@context":"https:\/\/schema.org","@graph":[{"@type":"WebPage","@id":"https:\/\/mowomoevents.com\/yomequedoencasa\/patrocinadores\/siteground\/","url":"https:\/\/mowomoevents.com\/yomequedoencasa\/patrocinadores\/siteground\/","name":"SiteGround - #yomequedoencasa","isPartOf":{"@id":"https:\/\/mowomoevents.com\/yomequedoencasa\/#website"},"primaryImageOfPage":{"@id":"https:\/\/mowomoevents.com\/yomequedoencasa\/patrocinadores\/siteground\/#primaryimage"},"image":{"@id":"https:\/\/mowomoevents.com\/yomequedoencasa\/patrocinadores\/siteground\/#primaryimage"},"thumbnailUrl":"https:\/\/mowomoevents.com\/wp-content\/uploads\/sites\/2\/2020\/03\/logo-SiteGround.jpg","datePublished":"2020-03-26T14:11:30+00:00","dateModified":"2020-03-30T17:54:47+00:00","breadcrumb":{"@id":"https:\/\/mowomoevents.com\/yomequedoencasa\/patrocinadores\/siteground\/#breadcrumb"},"inLanguage":"es","potentialAction":[{"@type":"ReadAction","target":["https:\/\/mowomoevents.com\/yomequedoencasa\/patrocinadores\/siteground\/"]}]},{"@type":"ImageObject","inLanguage":"es","@id":"https:\/\/mowomoevents.com\/yomequedoencasa\/patrocinadores\/siteground\/#primaryimage","url":"https:\/\/mowomoevents.com\/wp-content\/uploads\/sites\/2\/2020\/03\/logo-SiteGround.jpg","contentUrl":"https:\/\/mowomoevents.com\/wp-content\/uploads\/sites\/2\/2020\/03\/logo-SiteGround.jpg","width":700,"height":384},{"@type":"BreadcrumbList","@id":"https:\/\/mowomoevents.com\/yomequedoencasa\/patrocinadores\/siteground\/#breadcrumb","itemListElement":[{"@type":"ListItem","position":1,"name":"Portada","item":"https:\/\/mowomoevents.com\/yomequedoencasa\/"},{"@type":"ListItem","position":2,"name":"Patrocinadores","item":"https:\/\/mowomoevents.com\/yomequedoencasa\/patrocinadores\/"},{"@type":"ListItem","position":3,"name":"SiteGround"}]},{"@type":"WebSite","@id":"https:\/\/mowomoevents.com\/yomequedoencasa\/#website","url":"https:\/\/mowomoevents.com\/yomequedoencasa\/","name":"#yomequedoencasa","description":"Evento tecnol\u00f3gico ONLINE que tendr\u00e1 lugar del 23\/03\/2020 al 05\/05\/2020","publisher":{"@id":"https:\/\/mowomoevents.com\/yomequedoencasa\/#organization"},"potentialAction":[{"@type":"SearchAction","target":{"@type":"EntryPoint","urlTemplate":"https:\/\/mowomoevents.com\/yomequedoencasa\/?s={search_term_string}"},"query-input":"required name=search_term_string"}],"inLanguage":"es"},{"@type":"Organization","@id":"https:\/\/mowomoevents.com\/yomequedoencasa\/#organization","name":"#yomequedoencasa","url":"https:\/\/mowomoevents.com\/yomequedoencasa\/","logo":{"@type":"ImageObject","inLanguage":"es","@id":"https:\/\/mowomoevents.com\/yomequedoencasa\/#\/schema\/logo\/image\/","url":"https:\/\/mowomoevents.com\/wp-content\/uploads\/sites\/2\/2020\/03\/cropped-mowomo-event-yo-me-quedo-en-casa.png","contentUrl":"https:\/\/mowomoevents.com\/wp-content\/uploads\/sites\/2\/2020\/03\/cropped-mowomo-event-yo-me-quedo-en-casa.png","width":248,"height":101,"caption":"#yomequedoencasa"},"image":{"@id":"https:\/\/mowomoevents.com\/yomequedoencasa\/#\/schema\/logo\/image\/"}}]}},"_links":{"self":[{"href":"https:\/\/mowomoevents.com\/yomequedoencasa\/wp-json\/wp\/v2\/pages\/2549"}],"collection":[{"href":"https:\/\/mowomoevents.com\/yomequedoencasa\/wp-json\/wp\/v2\/pages"}],"about":[{"href":"https:\/\/mowomoevents.com\/yomequedoencasa\/wp-json\/wp\/v2\/types\/page"}],"author":[{"embeddable":true,"href":"https:\/\/mowomoevents.com\/yomequedoencasa\/wp-json\/wp\/v2\/users\/1"}],"replies":[{"embeddable":true,"href":"https:\/\/mowomoevents.com\/yomequedoencasa\/wp-json\/wp\/v2\/comments?post=2549"}],"version-history":[{"count":5,"href":"https:\/\/mowomoevents.com\/yomequedoencasa\/wp-json\/wp\/v2\/pages\/2549\/revisions"}],"predecessor-version":[{"id":2642,"href":"https:\/\/mowomoevents.com\/yomequedoencasa\/wp-json\/wp\/v2\/pages\/2549\/revisions\/2642"}],"up":[{"embeddable":true,"href":"https:\/\/mowomoevents.com\/yomequedoencasa\/wp-json\/wp\/v2\/pages\/29"}],"wp:featuredmedia":[{"embeddable":true,"href":"https:\/\/mowomoevents.com\/yomequedoencasa\/wp-json\/wp\/v2\/media\/2416"}],"wp:attachment":[{"href":"https:\/\/mowomoevents.com\/yomequedoencasa\/wp-json\/wp\/v2\/media?parent=2549"}],"curies":[{"name":"wp","href":"https:\/\/api.w.org\/{rel}","templated":true}]}}