{"id":29,"date":"2018-09-28T12:14:11","date_gmt":"2018-09-28T10:14:11","guid":{"rendered":"https:\/\/www.openzink.com\/?page_id=29"},"modified":"2020-04-09T20:36:46","modified_gmt":"2020-04-09T18:36:46","slug":"patrocinadores","status":"publish","type":"page","link":"https:\/\/mowomoevents.com\/yomequedoencasa\/patrocinadores\/","title":{"rendered":"Patrocinadores"},"content":{"rendered":"\n<h2 class=\"wp-block-heading\">Bronce<\/h2>\n\n\n\n<div class=\"wp-block-columns is-layout-flex wp-container-core-columns-is-layout-1 wp-block-columns-is-layout-flex\">\n<div class=\"wp-block-column is-layout-flow wp-block-column-is-layout-flow\">\n<figure class=\"wp-block-image size-large\"><a href=\"https:\/\/mowomoevents.com\/yomequedoencasa\/patrocinadores\/arsys\/\"><img loading=\"lazy\" decoding=\"async\" width=\"700\" height=\"384\" src=\"http:\/\/mowomoevents.com\/wp-content\/uploads\/sites\/2\/2020\/03\/logo-arsys.jpg\" alt=\"\" class=\"wp-image-2387\" srcset=\"https:\/\/mowomoevents.com\/wp-content\/uploads\/sites\/2\/2020\/03\/logo-arsys.jpg 700w, https:\/\/mowomoevents.com\/wp-content\/uploads\/sites\/2\/2020\/03\/logo-arsys-300x165.jpg 300w, https:\/\/mowomoevents.com\/wp-content\/uploads\/sites\/2\/2020\/03\/logo-arsys-150x82.jpg 150w\" sizes=\"(max-width: 700px) 100vw, 700px\" \/><\/a><\/figure>\n\n\n\n<figure class=\"wp-block-image size-large\"><a href=\"https:\/\/mowomoevents.com\/yomequedoencasa\/patrocinadores\/yoast\/\"><img loading=\"lazy\" decoding=\"async\" width=\"700\" height=\"384\" src=\"http:\/\/mowomoevents.com\/wp-content\/uploads\/sites\/2\/2020\/03\/logo-yoast.jpg\" alt=\"\" class=\"wp-image-2605\" srcset=\"https:\/\/mowomoevents.com\/wp-content\/uploads\/sites\/2\/2020\/03\/logo-yoast.jpg 700w, https:\/\/mowomoevents.com\/wp-content\/uploads\/sites\/2\/2020\/03\/logo-yoast-300x165.jpg 300w, https:\/\/mowomoevents.com\/wp-content\/uploads\/sites\/2\/2020\/03\/logo-yoast-150x82.jpg 150w\" sizes=\"(max-width: 700px) 100vw, 700px\" \/><\/a><\/figure>\n<\/div>\n\n\n\n<div class=\"wp-block-column is-layout-flow wp-block-column-is-layout-flow\">\n<figure class=\"wp-block-image size-large\"><a href=\"https:\/\/mowomoevents.com\/yomequedoencasa\/patrocinadores\/siteground\/\"><img decoding=\"async\" src=\"http:\/\/mowomoevents.com\/wp-content\/uploads\/sites\/2\/2020\/03\/logo-SiteGround.jpg\" alt=\"\" class=\"wp-image-2391\"\/><\/a><\/figure>\n\n\n\n<figure class=\"wp-block-image size-large\"><a href=\"https:\/\/mowomoevents.com\/yomequedoencasa\/patrocinadores\/weglot\/\"><img loading=\"lazy\" decoding=\"async\" width=\"700\" height=\"384\" src=\"http:\/\/mowomoevents.com\/wp-content\/uploads\/sites\/2\/2020\/03\/logo-WEGLOT.jpg\" alt=\"\" class=\"wp-image-2544\" srcset=\"https:\/\/mowomoevents.com\/wp-content\/uploads\/sites\/2\/2020\/03\/logo-WEGLOT.jpg 700w, https:\/\/mowomoevents.com\/wp-content\/uploads\/sites\/2\/2020\/03\/logo-WEGLOT-300x165.jpg 300w, https:\/\/mowomoevents.com\/wp-content\/uploads\/sites\/2\/2020\/03\/logo-WEGLOT-150x82.jpg 150w\" sizes=\"(max-width: 700px) 100vw, 700px\" \/><\/a><\/figure>\n<\/div>\n<\/div>\n\n\n\n<h2 class=\"wp-block-heading\">Mecenas<\/h2>\n\n\n\n<div class=\"wp-block-columns is-layout-flex wp-container-core-columns-is-layout-2 wp-block-columns-is-layout-flex\">\n<div class=\"wp-block-column is-layout-flow wp-block-column-is-layout-flow\">\n<figure class=\"wp-block-image size-large\"><img loading=\"lazy\" decoding=\"async\" width=\"700\" height=\"384\" src=\"http:\/\/mowomoevents.com\/wp-content\/uploads\/sites\/2\/2020\/03\/logo-easypromos.jpg\" alt=\"\" class=\"wp-image-2606\" srcset=\"https:\/\/mowomoevents.com\/wp-content\/uploads\/sites\/2\/2020\/03\/logo-easypromos.jpg 700w, https:\/\/mowomoevents.com\/wp-content\/uploads\/sites\/2\/2020\/03\/logo-easypromos-300x165.jpg 300w, https:\/\/mowomoevents.com\/wp-content\/uploads\/sites\/2\/2020\/03\/logo-easypromos-150x82.jpg 150w\" sizes=\"(max-width: 700px) 100vw, 700px\" \/><\/figure>\n<\/div>\n\n\n\n<div class=\"wp-block-column is-layout-flow wp-block-column-is-layout-flow\"><\/div>\n\n\n\n<div class=\"wp-block-column is-layout-flow wp-block-column-is-layout-flow\"><\/div>\n<\/div>\n\n\n\n<h2 class=\"wp-block-heading\">Colaborador<\/h2>\n\n\n\n<div class=\"wp-block-columns is-layout-flex wp-container-core-columns-is-layout-3 wp-block-columns-is-layout-flex\">\n<div class=\"wp-block-column is-layout-flow wp-block-column-is-layout-flow\">\n<figure class=\"wp-block-image size-large\"><img loading=\"lazy\" decoding=\"async\" width=\"700\" height=\"384\" src=\"http:\/\/mowomoevents.com\/wp-content\/uploads\/sites\/2\/2020\/03\/logo-YITH.jpg\" alt=\"\" class=\"wp-image-2627\" srcset=\"https:\/\/mowomoevents.com\/wp-content\/uploads\/sites\/2\/2020\/03\/logo-YITH.jpg 700w, https:\/\/mowomoevents.com\/wp-content\/uploads\/sites\/2\/2020\/03\/logo-YITH-300x165.jpg 300w, https:\/\/mowomoevents.com\/wp-content\/uploads\/sites\/2\/2020\/03\/logo-YITH-150x82.jpg 150w\" sizes=\"(max-width: 700px) 100vw, 700px\" \/><\/figure>\n<\/div>\n\n\n\n<div class=\"wp-block-column is-layout-flow wp-block-column-is-layout-flow\"><\/div>\n\n\n\n<div class=\"wp-block-column is-layout-flow wp-block-column-is-layout-flow\"><\/div>\n<\/div>\n\n\n\n<h2 class=\"wp-block-heading\">Micropatrocinio<\/h2>\n\n\n\n<div class=\"wp-block-columns is-layout-flex wp-container-core-columns-is-layout-4 wp-block-columns-is-layout-flex\">\n<div class=\"wp-block-column is-layout-flow wp-block-column-is-layout-flow\">\n<p>Jose Luis Losada<br><a href=\"https:\/\/twitter.com\/joseluis_losada\">@joseluis_losada<\/a><\/p>\n<\/div>\n\n\n\n<div class=\"wp-block-column is-layout-flow wp-block-column-is-layout-flow\">\n<p>Asociaci\u00f3n Japoday<br><a href=\"https:\/\/twitter.com\/japoday\">@Japoday<\/a><\/p>\n<\/div>\n<\/div>\n\n\n\n<div class=\"wp-block-columns is-layout-flex wp-container-core-columns-is-layout-5 wp-block-columns-is-layout-flex\">\n<div class=\"wp-block-column is-layout-flow wp-block-column-is-layout-flow\">\n<p>Noelia Jim\u00e9nez<br><a href=\"https:\/\/twitter.com\/redactoranet\">@redactoranet<\/a><\/p>\n<\/div>\n\n\n\n<div class=\"wp-block-column is-layout-flow wp-block-column-is-layout-flow\">\n<p>Vanesa Garc\u00eda<br><a href=\"https:\/\/twitter.com\/vangarbar?lang=es\">@VanGarBar<\/a><\/p>\n<\/div>\n<\/div>\n\n\n\n<p><\/p>\n\n\n\n<!-- mowomo-redes-sociales-icons-bar -->\n        <div class=\"mwm_rrss_contenedor mwm_rrss_appearance_1 mwm_rrss_alingment_1\">\n                            <a class=\"mwm_rrss mwm_twitter\" mwm-rrss-url=\"https:\/\/twitter.com\/intent\/tweet?text=Patrocinadores https:\/\/mowomoevents.com\/yomequedoencasa\/patrocinadores\/ v\u00eda @openzink\"><i class=\"icon-rrss-twitter\"><\/i>Twitter<\/a>\n            \n                            <a class=\"mwm_rrss mwm_facebook\" mwm-rrss-url=\"https:\/\/www.facebook.com\/sharer\/sharer.php?u=https:\/\/mowomoevents.com\/yomequedoencasa\/patrocinadores\/\"><i class=\"icon-rrss-facebook\"><\/i>Facebook<\/a>\n            \n                            <a class=\"mwm_rrss mwm_pinterest\" mwm-rrss-url=\"http:\/\/pinterest.com\/pin\/create\/button\/?url=https:\/\/mowomoevents.com\/yomequedoencasa\/patrocinadores\/&media=https:\/\/mowomoevents.com\/wp-content\/uploads\/sites\/2\/2020\/03\/WCC20-19.png&description=Patrocinadores\"><i class=\"icon-rrss-pinterest\"><\/i>Pinterest <\/a>\n            \n                            <a class=\"mwm_rrss mwm_linkedin\" mwm-rrss-url=\"https:\/\/www.linkedin.com\/shareArticle?mini=true&url=https:\/\/mowomoevents.com\/yomequedoencasa\/patrocinadores\/&title=Patrocinadores&source=https:\/\/mowomoevents.com\/wp-content\/uploads\/sites\/2\/2020\/03\/WCC20-19.png\"><i class=\"icon-rrss-linkedin\"><\/i>LinkedIn <\/a>\n            \n                    <\/div>\n    \n","protected":false},"excerpt":{"rendered":"<p>Bronce Mecenas Colaborador Micropatrocinio Jose Luis Losada@joseluis_losada Asociaci\u00f3n Japoday@Japoday Noelia Jim\u00e9nez@redactoranet Vanesa Garc\u00eda@VanGarBar<\/p>\n","protected":false},"author":3,"featured_media":2423,"parent":0,"menu_order":20,"comment_status":"closed","ping_status":"closed","template":"","meta":{"footnotes":""},"yoast_head":"<!-- This site is optimized with the Yoast SEO plugin v22.7 - https:\/\/yoast.com\/wordpress\/plugins\/seo\/ -->\n<title>Patrocinadores - #yomequedoencasa<\/title>\n<meta name=\"robots\" content=\"index, follow, max-snippet:-1, max-image-preview:large, max-video-preview:-1\" \/>\n<link rel=\"canonical\" href=\"https:\/\/mowomoevents.com\/yomequedoencasa\/patrocinadores\/\" \/>\n<meta property=\"og:locale\" content=\"es_ES\" \/>\n<meta property=\"og:type\" content=\"article\" \/>\n<meta property=\"og:title\" content=\"Patrocinadores - #yomequedoencasa\" \/>\n<meta property=\"og:description\" content=\"Bronce Mecenas Colaborador Micropatrocinio Jose Luis Losada@joseluis_losada Asociaci\u00f3n Japoday@Japoday Noelia Jim\u00e9nez@redactoranet Vanesa Garc\u00eda@VanGarBar\" \/>\n<meta property=\"og:url\" content=\"https:\/\/mowomoevents.com\/yomequedoencasa\/patrocinadores\/\" \/>\n<meta property=\"og:site_name\" content=\"#yomequedoencasa\" \/>\n<meta property=\"article:modified_time\" content=\"2020-04-09T18:36:46+00:00\" \/>\n<meta property=\"og:image\" content=\"https:\/\/mowomoevents.com\/wp-content\/uploads\/sites\/2\/2020\/03\/WCC20-19.png\" \/>\n\t<meta property=\"og:image:width\" content=\"825\" \/>\n\t<meta property=\"og:image:height\" content=\"400\" \/>\n\t<meta property=\"og:image:type\" content=\"image\/png\" \/>\n<meta name=\"twitter:card\" content=\"summary_large_image\" \/>\n<script type=\"application\/ld+json\" class=\"yoast-schema-graph\">{\"@context\":\"https:\/\/schema.org\",\"@graph\":[{\"@type\":\"WebPage\",\"@id\":\"https:\/\/mowomoevents.com\/yomequedoencasa\/patrocinadores\/\",\"url\":\"https:\/\/mowomoevents.com\/yomequedoencasa\/patrocinadores\/\",\"name\":\"Patrocinadores - #yomequedoencasa\",\"isPartOf\":{\"@id\":\"https:\/\/mowomoevents.com\/yomequedoencasa\/#website\"},\"primaryImageOfPage\":{\"@id\":\"https:\/\/mowomoevents.com\/yomequedoencasa\/patrocinadores\/#primaryimage\"},\"image\":{\"@id\":\"https:\/\/mowomoevents.com\/yomequedoencasa\/patrocinadores\/#primaryimage\"},\"thumbnailUrl\":\"https:\/\/mowomoevents.com\/wp-content\/uploads\/sites\/2\/2020\/03\/WCC20-19.png\",\"datePublished\":\"2018-09-28T10:14:11+00:00\",\"dateModified\":\"2020-04-09T18:36:46+00:00\",\"breadcrumb\":{\"@id\":\"https:\/\/mowomoevents.com\/yomequedoencasa\/patrocinadores\/#breadcrumb\"},\"inLanguage\":\"es\",\"potentialAction\":[{\"@type\":\"ReadAction\",\"target\":[\"https:\/\/mowomoevents.com\/yomequedoencasa\/patrocinadores\/\"]}]},{\"@type\":\"ImageObject\",\"inLanguage\":\"es\",\"@id\":\"https:\/\/mowomoevents.com\/yomequedoencasa\/patrocinadores\/#primaryimage\",\"url\":\"https:\/\/mowomoevents.com\/wp-content\/uploads\/sites\/2\/2020\/03\/WCC20-19.png\",\"contentUrl\":\"https:\/\/mowomoevents.com\/wp-content\/uploads\/sites\/2\/2020\/03\/WCC20-19.png\",\"width\":825,\"height\":400,\"caption\":\"Patrocinadores de la mowomo camp #yomequedoencasa\"},{\"@type\":\"BreadcrumbList\",\"@id\":\"https:\/\/mowomoevents.com\/yomequedoencasa\/patrocinadores\/#breadcrumb\",\"itemListElement\":[{\"@type\":\"ListItem\",\"position\":1,\"name\":\"Portada\",\"item\":\"https:\/\/mowomoevents.com\/yomequedoencasa\/\"},{\"@type\":\"ListItem\",\"position\":2,\"name\":\"Patrocinadores\"}]},{\"@type\":\"WebSite\",\"@id\":\"https:\/\/mowomoevents.com\/yomequedoencasa\/#website\",\"url\":\"https:\/\/mowomoevents.com\/yomequedoencasa\/\",\"name\":\"#yomequedoencasa\",\"description\":\"Evento tecnol\u00f3gico ONLINE que tendr\u00e1 lugar del 23\/03\/2020 al 05\/05\/2020\",\"publisher\":{\"@id\":\"https:\/\/mowomoevents.com\/yomequedoencasa\/#organization\"},\"potentialAction\":[{\"@type\":\"SearchAction\",\"target\":{\"@type\":\"EntryPoint\",\"urlTemplate\":\"https:\/\/mowomoevents.com\/yomequedoencasa\/?s={search_term_string}\"},\"query-input\":\"required name=search_term_string\"}],\"inLanguage\":\"es\"},{\"@type\":\"Organization\",\"@id\":\"https:\/\/mowomoevents.com\/yomequedoencasa\/#organization\",\"name\":\"#yomequedoencasa\",\"url\":\"https:\/\/mowomoevents.com\/yomequedoencasa\/\",\"logo\":{\"@type\":\"ImageObject\",\"inLanguage\":\"es\",\"@id\":\"https:\/\/mowomoevents.com\/yomequedoencasa\/#\/schema\/logo\/image\/\",\"url\":\"https:\/\/mowomoevents.com\/wp-content\/uploads\/sites\/2\/2020\/03\/cropped-mowomo-event-yo-me-quedo-en-casa.png\",\"contentUrl\":\"https:\/\/mowomoevents.com\/wp-content\/uploads\/sites\/2\/2020\/03\/cropped-mowomo-event-yo-me-quedo-en-casa.png\",\"width\":248,\"height\":101,\"caption\":\"#yomequedoencasa\"},\"image\":{\"@id\":\"https:\/\/mowomoevents.com\/yomequedoencasa\/#\/schema\/logo\/image\/\"}}]}<\/script>\n<!-- \/ Yoast SEO plugin. -->","yoast_head_json":{"title":"Patrocinadores - #yomequedoencasa","robots":{"index":"index","follow":"follow","max-snippet":"max-snippet:-1","max-image-preview":"max-image-preview:large","max-video-preview":"max-video-preview:-1"},"canonical":"https:\/\/mowomoevents.com\/yomequedoencasa\/patrocinadores\/","og_locale":"es_ES","og_type":"article","og_title":"Patrocinadores - #yomequedoencasa","og_description":"Bronce Mecenas Colaborador Micropatrocinio Jose Luis Losada@joseluis_losada Asociaci\u00f3n Japoday@Japoday Noelia Jim\u00e9nez@redactoranet Vanesa Garc\u00eda@VanGarBar","og_url":"https:\/\/mowomoevents.com\/yomequedoencasa\/patrocinadores\/","og_site_name":"#yomequedoencasa","article_modified_time":"2020-04-09T18:36:46+00:00","og_image":[{"width":825,"height":400,"url":"https:\/\/mowomoevents.com\/wp-content\/uploads\/sites\/2\/2020\/03\/WCC20-19.png","type":"image\/png"}],"twitter_card":"summary_large_image","schema":{"@context":"https:\/\/schema.org","@graph":[{"@type":"WebPage","@id":"https:\/\/mowomoevents.com\/yomequedoencasa\/patrocinadores\/","url":"https:\/\/mowomoevents.com\/yomequedoencasa\/patrocinadores\/","name":"Patrocinadores - #yomequedoencasa","isPartOf":{"@id":"https:\/\/mowomoevents.com\/yomequedoencasa\/#website"},"primaryImageOfPage":{"@id":"https:\/\/mowomoevents.com\/yomequedoencasa\/patrocinadores\/#primaryimage"},"image":{"@id":"https:\/\/mowomoevents.com\/yomequedoencasa\/patrocinadores\/#primaryimage"},"thumbnailUrl":"https:\/\/mowomoevents.com\/wp-content\/uploads\/sites\/2\/2020\/03\/WCC20-19.png","datePublished":"2018-09-28T10:14:11+00:00","dateModified":"2020-04-09T18:36:46+00:00","breadcrumb":{"@id":"https:\/\/mowomoevents.com\/yomequedoencasa\/patrocinadores\/#breadcrumb"},"inLanguage":"es","potentialAction":[{"@type":"ReadAction","target":["https:\/\/mowomoevents.com\/yomequedoencasa\/patrocinadores\/"]}]},{"@type":"ImageObject","inLanguage":"es","@id":"https:\/\/mowomoevents.com\/yomequedoencasa\/patrocinadores\/#primaryimage","url":"https:\/\/mowomoevents.com\/wp-content\/uploads\/sites\/2\/2020\/03\/WCC20-19.png","contentUrl":"https:\/\/mowomoevents.com\/wp-content\/uploads\/sites\/2\/2020\/03\/WCC20-19.png","width":825,"height":400,"caption":"Patrocinadores de la mowomo camp #yomequedoencasa"},{"@type":"BreadcrumbList","@id":"https:\/\/mowomoevents.com\/yomequedoencasa\/patrocinadores\/#breadcrumb","itemListElement":[{"@type":"ListItem","position":1,"name":"Portada","item":"https:\/\/mowomoevents.com\/yomequedoencasa\/"},{"@type":"ListItem","position":2,"name":"Patrocinadores"}]},{"@type":"WebSite","@id":"https:\/\/mowomoevents.com\/yomequedoencasa\/#website","url":"https:\/\/mowomoevents.com\/yomequedoencasa\/","name":"#yomequedoencasa","description":"Evento tecnol\u00f3gico ONLINE que tendr\u00e1 lugar del 23\/03\/2020 al 05\/05\/2020","publisher":{"@id":"https:\/\/mowomoevents.com\/yomequedoencasa\/#organization"},"potentialAction":[{"@type":"SearchAction","target":{"@type":"EntryPoint","urlTemplate":"https:\/\/mowomoevents.com\/yomequedoencasa\/?s={search_term_string}"},"query-input":"required name=search_term_string"}],"inLanguage":"es"},{"@type":"Organization","@id":"https:\/\/mowomoevents.com\/yomequedoencasa\/#organization","name":"#yomequedoencasa","url":"https:\/\/mowomoevents.com\/yomequedoencasa\/","logo":{"@type":"ImageObject","inLanguage":"es","@id":"https:\/\/mowomoevents.com\/yomequedoencasa\/#\/schema\/logo\/image\/","url":"https:\/\/mowomoevents.com\/wp-content\/uploads\/sites\/2\/2020\/03\/cropped-mowomo-event-yo-me-quedo-en-casa.png","contentUrl":"https:\/\/mowomoevents.com\/wp-content\/uploads\/sites\/2\/2020\/03\/cropped-mowomo-event-yo-me-quedo-en-casa.png","width":248,"height":101,"caption":"#yomequedoencasa"},"image":{"@id":"https:\/\/mowomoevents.com\/yomequedoencasa\/#\/schema\/logo\/image\/"}}]}},"_links":{"self":[{"href":"https:\/\/mowomoevents.com\/yomequedoencasa\/wp-json\/wp\/v2\/pages\/29"}],"collection":[{"href":"https:\/\/mowomoevents.com\/yomequedoencasa\/wp-json\/wp\/v2\/pages"}],"about":[{"href":"https:\/\/mowomoevents.com\/yomequedoencasa\/wp-json\/wp\/v2\/types\/page"}],"author":[{"embeddable":true,"href":"https:\/\/mowomoevents.com\/yomequedoencasa\/wp-json\/wp\/v2\/users\/3"}],"replies":[{"embeddable":true,"href":"https:\/\/mowomoevents.com\/yomequedoencasa\/wp-json\/wp\/v2\/comments?post=29"}],"version-history":[{"count":5,"href":"https:\/\/mowomoevents.com\/yomequedoencasa\/wp-json\/wp\/v2\/pages\/29\/revisions"}],"predecessor-version":[{"id":2747,"href":"https:\/\/mowomoevents.com\/yomequedoencasa\/wp-json\/wp\/v2\/pages\/29\/revisions\/2747"}],"wp:featuredmedia":[{"embeddable":true,"href":"https:\/\/mowomoevents.com\/yomequedoencasa\/wp-json\/wp\/v2\/media\/2423"}],"wp:attachment":[{"href":"https:\/\/mowomoevents.com\/yomequedoencasa\/wp-json\/wp\/v2\/media?parent=29"}],"curies":[{"name":"wp","href":"https:\/\/api.w.org\/{rel}","templated":true}]}}