{"id":291,"date":"2018-10-03T10:51:36","date_gmt":"2018-10-03T08:51:36","guid":{"rendered":"https:\/\/mowomoevents.com\/openzink-day-chiclana-2018\/?page_id=291"},"modified":"2020-10-16T11:36:55","modified_gmt":"2020-10-16T09:36:55","slug":"aviso-legal","status":"publish","type":"page","link":"https:\/\/mowomoevents.com\/yomequedoencasa\/aviso-legal\/","title":{"rendered":"Aviso Legal y Condiciones Generales de uso"},"content":{"rendered":"\n<p><strong>AVISO E INFORMACI\u00d3N LEGAL<\/strong><\/p>\n\n\n\n<p><strong>CONDICIONES GENERALES DE ACCESO Y USO DEL SITIO WEB Y SUS CONTENIDOS<\/strong><\/p>\n\n\n\n<h2 class=\"wp-block-heading\"><strong>1.- INFORMACI\u00d3N LEGAL.<\/strong><\/h2>\n\n\n\n<h3 class=\"wp-block-heading\"><strong>1.1 .- Titular del sitio web<\/strong><\/h3>\n\n\n\n<p>WHITE SCREEN IDEAS WORKSHOP SL<\/p>\n\n\n\n<p>CIF B72335805 <\/p>\n\n\n\n<p>Avenida de la industria 30,<br>11130 Chiclana de la Frontera<br>C\u00e1diz<br>Espa\u00f1a <\/p>\n\n\n\n<p>(En adelante en este documento&nbsp;<strong>mowomo events<\/strong>)<\/p>\n\n\n\n<h3 class=\"wp-block-heading\"><strong>1.2.- Finalidad<\/strong><\/h3>\n\n\n\n<p>La finalidad de este sitio web es la de informar sobre los eventos y actividades que desarrolla<strong> mowomo events<\/strong>.<\/p>\n\n\n\n<h3 class=\"wp-block-heading\"><strong>1.3.- Responsable del tratamiento de datos personales<\/strong><\/h3>\n\n\n\n<p>Datos de contacto del responsable: Roberto Miralles (roberto@mowomo.com)<\/p>\n\n\n\n<h2 class=\"wp-block-heading\"><strong>2.- CONDICI\u00d3N DE USUARIO<\/strong><\/h2>\n\n\n\n<p>Cuando accedes a este sitio web y\/o a sus contenidos adquieres la condici\u00f3n de Usuario, y est\u00e1s obligado al cumplimiento de estas Condiciones Generales de Acceso y Uso, as\u00ed como de las Condiciones Particulares de cada contenido o servicio en su caso, lo que aceptas de manera expresa.<\/p>\n\n\n\n<h2 class=\"wp-block-heading\"><strong>3.- REQUISITOS M\u00cdNIMOS<\/strong><\/h2>\n\n\n\n<p>Para una buena visualizaci\u00f3n y acceso al sitio web y a los contenidos se requiere:<\/p>\n\n\n\n<p>Sistema Operativo Windows 10 o superior, Mac OS High Sierra o superior.<br>Navegador IE 10 o superior, Mozilla Firefox 59.0, Chrome 65.0&nbsp; o superior.<\/p>\n\n\n\n<h2 class=\"wp-block-heading\"><strong>4.- POL\u00cdTICA DE PRIVACIDAD. PROTECCI\u00d3N DE DATOS PERSONALES<\/strong><\/h2>\n\n\n\n<p>Para informaci\u00f3n sobre nuestra pol\u00edtica de privacidad y uso de datos personales, por favor, accede a nuestra secci\u00f3n&nbsp;<a rel=\"noreferrer noopener\" href=\"https:\/\/www.mowomo.com\/politica-de-privacidad\/\" target=\"_blank\">pol\u00edtica de privacidad<\/a>.<\/p>\n\n\n\n<h2 class=\"wp-block-heading\"><strong>8.- USO DE COOKIES<\/strong><\/h2>\n\n\n\n<p>Esta Web utiliza Cookies. Las cookies son peque\u00f1os ficheros de texto mantenidos por el propio navegador que almacenan informaci\u00f3n sobre la personalizaci\u00f3n del usuario para cada sitio web.<\/p>\n\n\n\n<p>Puedes visitar nuestra&nbsp;<a href=\"https:\/\/www.mowomo.com\/uso-de-cookies\/\" target=\"_blank\" rel=\"noreferrer noopener\">pol\u00edtica de uso de cookies<\/a>&nbsp;para m\u00e1s informaci\u00f3n.<\/p>\n\n\n\n<p>Puedes revisar las cookies que has aceptado pulsando en tus&nbsp;Preferencias sobre privacidad<\/p>\n\n\n\n<h2 class=\"wp-block-heading\"><strong>9<\/strong><strong>.- ENLACES<\/strong><\/h2>\n\n\n\n<p><strong>mowomo events<\/strong> no se responsabiliza del contenido de los sitios webs de terceros enlazados con sus sitios web, de manera entrante o saliente, ya que no puede controlar el contenido de estos terceros sitios webs, siendo responsabilidad exclusiva de su respectivo propietario.<\/p>\n\n\n\n<h2 class=\"wp-block-heading\"><strong>10.- EXENCI\u00d3N DE GARANT\u00cdAS<\/strong><\/h2>\n\n\n\n<p><strong>mowomo events<\/strong> no garantiza la satisfacci\u00f3n del Usuario por el acceso al sitio web y\/o a los contenidos.<\/p>\n\n\n\n<p><strong>mowomo events<\/strong> no se hace responsable de cualquier reclamaci\u00f3n por el da\u00f1o que el uso o acceso al sitio web o a los contenidos por parte del Usuario pudiera causar al Usuario o a terceros, lo que el Usuario acepta de manera expresa, exonerando a <strong>mowomo events<\/strong> de cualquier responsabilidad al respecto y asumiendo el Usuario toda responsabilidad.<\/p>\n\n\n\n<h2 class=\"wp-block-heading\"><strong>11.- RESERVA DE DERECHOS<\/strong><\/h2>\n\n\n\n<p><strong>mowomo events <\/strong>se reserva el derecho a modificar sin previo aviso las presentes Condiciones Generales, por lo que se te recomienda que las leas en cada visita o si dispones de un servicio contratado, las revises regularmente.<br><strong>mowomo events <\/strong>se reserva el derecho a suspender, cancelar, modificar o eliminar cualquier contenido sin previo aviso.<\/p>\n\n\n\n<h3 class=\"wp-block-heading\"><strong>12.- JURISDICCI\u00d3N Y NULIDAD PARCIAL<\/strong><\/h3>\n\n\n\n<p>El Usuario y <strong>mowomo events<\/strong> se someten a los Tribunales de la ciudad de Chiclana de la Frontera con renuncia de su fuero propio para la resoluci\u00f3n de cualquier punto de este contrato.<br>En el caso que se declarase judicialmente nula alguna de las cl\u00e1usulas de este contrato, las dem\u00e1s seguir\u00e1n plenamente vigentes.<\/p>\n\n\n\n<h2 class=\"wp-block-heading\"><strong>13.- CONTACTO<\/strong><\/h2>\n\n\n\n<p>Puedes contactar con nosotros de diferentes maneras:<br>1.- A trav\u00e9s del formulario de la web en&nbsp;<a href=\"https:\/\/www.mowomo.com\/contacto\/\" target=\"_blank\" rel=\"noreferrer noopener\" aria-label=\" (se abre en una nueva pesta\u00f1a)\">https:\/\/mowomo.com\/contacto\/<\/a><br>2.- En nuestra direcci\u00f3n f\u00edsica:<\/p>\n\n\n\n<p>Avenida de la industria 30,<br>11130 Chiclana de la Frontera<br>C\u00e1diz<br>Espa\u00f1a <\/p>\n\n\n\n<p>=====================================<br>\u00daltima actualizaci\u00f3n 18 de marzo de 2020<br>=====================================<\/p>\n","protected":false},"excerpt":{"rendered":"<p>AVISO E INFORMACI\u00d3N LEGAL CONDICIONES GENERALES DE ACCESO Y USO DEL SITIO WEB Y SUS CONTENIDOS 1.- INFORMACI\u00d3N LEGAL. 1.1 .- Titular del sitio web WHITE SCREEN IDEAS WORKSHOP SL CIF B72335805 Avenida de la industria 30,11130 Chiclana de la FronteraC\u00e1dizEspa\u00f1a (En adelante en este documento&nbsp;mowomo events) 1.2.- Finalidad La finalidad de este sitio web &hellip; <a href=\"https:\/\/mowomoevents.com\/yomequedoencasa\/aviso-legal\/\" class=\"more-link\">Sigue leyendo <span class=\"screen-reader-text\">Aviso Legal y Condiciones Generales de uso<\/span><\/a><\/p>\n","protected":false},"author":3,"featured_media":0,"parent":0,"menu_order":4,"comment_status":"closed","ping_status":"closed","template":"","meta":{"footnotes":""},"yoast_head":"<!-- This site is optimized with the Yoast SEO plugin v22.7 - https:\/\/yoast.com\/wordpress\/plugins\/seo\/ -->\n<title>Aviso Legal y Condiciones Generales de uso - #yomequedoencasa<\/title>\n<meta name=\"robots\" content=\"index, follow, max-snippet:-1, max-image-preview:large, max-video-preview:-1\" \/>\n<link rel=\"canonical\" href=\"https:\/\/mowomoevents.com\/yomequedoencasa\/aviso-legal\/\" \/>\n<meta property=\"og:locale\" content=\"es_ES\" \/>\n<meta property=\"og:type\" content=\"article\" \/>\n<meta property=\"og:title\" content=\"Aviso Legal y Condiciones Generales de uso - #yomequedoencasa\" \/>\n<meta property=\"og:description\" content=\"AVISO E INFORMACI\u00d3N LEGAL CONDICIONES GENERALES DE ACCESO Y USO DEL SITIO WEB Y SUS CONTENIDOS 1.- INFORMACI\u00d3N LEGAL. 1.1 .- Titular del sitio web WHITE SCREEN IDEAS WORKSHOP SL CIF B72335805 Avenida de la industria 30,11130 Chiclana de la FronteraC\u00e1dizEspa\u00f1a (En adelante en este documento&nbsp;mowomo events) 1.2.- Finalidad La finalidad de este sitio web &hellip; Sigue leyendo Aviso Legal y Condiciones Generales de uso\" \/>\n<meta property=\"og:url\" content=\"https:\/\/mowomoevents.com\/yomequedoencasa\/aviso-legal\/\" \/>\n<meta property=\"og:site_name\" content=\"#yomequedoencasa\" \/>\n<meta property=\"article:modified_time\" content=\"2020-10-16T09:36:55+00:00\" \/>\n<meta property=\"og:image\" content=\"https:\/\/mowomoevents.com\/wp-content\/uploads\/sites\/2\/2020\/03\/logo-mowomo-events.png\" \/>\n\t<meta property=\"og:image:width\" content=\"1009\" \/>\n\t<meta property=\"og:image:height\" content=\"238\" \/>\n\t<meta property=\"og:image:type\" content=\"image\/png\" \/>\n<meta name=\"twitter:card\" content=\"summary_large_image\" \/>\n<meta name=\"twitter:label1\" content=\"Tiempo de lectura\" \/>\n\t<meta name=\"twitter:data1\" content=\"3 minutos\" \/>\n<script type=\"application\/ld+json\" class=\"yoast-schema-graph\">{\"@context\":\"https:\/\/schema.org\",\"@graph\":[{\"@type\":\"WebPage\",\"@id\":\"https:\/\/mowomoevents.com\/yomequedoencasa\/aviso-legal\/\",\"url\":\"https:\/\/mowomoevents.com\/yomequedoencasa\/aviso-legal\/\",\"name\":\"Aviso Legal y Condiciones Generales de uso - #yomequedoencasa\",\"isPartOf\":{\"@id\":\"https:\/\/mowomoevents.com\/yomequedoencasa\/#website\"},\"datePublished\":\"2018-10-03T08:51:36+00:00\",\"dateModified\":\"2020-10-16T09:36:55+00:00\",\"breadcrumb\":{\"@id\":\"https:\/\/mowomoevents.com\/yomequedoencasa\/aviso-legal\/#breadcrumb\"},\"inLanguage\":\"es\",\"potentialAction\":[{\"@type\":\"ReadAction\",\"target\":[\"https:\/\/mowomoevents.com\/yomequedoencasa\/aviso-legal\/\"]}]},{\"@type\":\"BreadcrumbList\",\"@id\":\"https:\/\/mowomoevents.com\/yomequedoencasa\/aviso-legal\/#breadcrumb\",\"itemListElement\":[{\"@type\":\"ListItem\",\"position\":1,\"name\":\"Portada\",\"item\":\"https:\/\/mowomoevents.com\/yomequedoencasa\/\"},{\"@type\":\"ListItem\",\"position\":2,\"name\":\"Aviso Legal y Condiciones Generales de uso\"}]},{\"@type\":\"WebSite\",\"@id\":\"https:\/\/mowomoevents.com\/yomequedoencasa\/#website\",\"url\":\"https:\/\/mowomoevents.com\/yomequedoencasa\/\",\"name\":\"#yomequedoencasa\",\"description\":\"Evento tecnol\u00f3gico ONLINE que tendr\u00e1 lugar del 23\/03\/2020 al 05\/05\/2020\",\"publisher\":{\"@id\":\"https:\/\/mowomoevents.com\/yomequedoencasa\/#organization\"},\"potentialAction\":[{\"@type\":\"SearchAction\",\"target\":{\"@type\":\"EntryPoint\",\"urlTemplate\":\"https:\/\/mowomoevents.com\/yomequedoencasa\/?s={search_term_string}\"},\"query-input\":\"required name=search_term_string\"}],\"inLanguage\":\"es\"},{\"@type\":\"Organization\",\"@id\":\"https:\/\/mowomoevents.com\/yomequedoencasa\/#organization\",\"name\":\"#yomequedoencasa\",\"url\":\"https:\/\/mowomoevents.com\/yomequedoencasa\/\",\"logo\":{\"@type\":\"ImageObject\",\"inLanguage\":\"es\",\"@id\":\"https:\/\/mowomoevents.com\/yomequedoencasa\/#\/schema\/logo\/image\/\",\"url\":\"https:\/\/mowomoevents.com\/wp-content\/uploads\/sites\/2\/2020\/03\/cropped-mowomo-event-yo-me-quedo-en-casa.png\",\"contentUrl\":\"https:\/\/mowomoevents.com\/wp-content\/uploads\/sites\/2\/2020\/03\/cropped-mowomo-event-yo-me-quedo-en-casa.png\",\"width\":248,\"height\":101,\"caption\":\"#yomequedoencasa\"},\"image\":{\"@id\":\"https:\/\/mowomoevents.com\/yomequedoencasa\/#\/schema\/logo\/image\/\"}}]}<\/script>\n<!-- \/ Yoast SEO plugin. -->","yoast_head_json":{"title":"Aviso Legal y Condiciones Generales de uso - #yomequedoencasa","robots":{"index":"index","follow":"follow","max-snippet":"max-snippet:-1","max-image-preview":"max-image-preview:large","max-video-preview":"max-video-preview:-1"},"canonical":"https:\/\/mowomoevents.com\/yomequedoencasa\/aviso-legal\/","og_locale":"es_ES","og_type":"article","og_title":"Aviso Legal y Condiciones Generales de uso - #yomequedoencasa","og_description":"AVISO E INFORMACI\u00d3N LEGAL CONDICIONES GENERALES DE ACCESO Y USO DEL SITIO WEB Y SUS CONTENIDOS 1.- INFORMACI\u00d3N LEGAL. 1.1 .- Titular del sitio web WHITE SCREEN IDEAS WORKSHOP SL CIF B72335805 Avenida de la industria 30,11130 Chiclana de la FronteraC\u00e1dizEspa\u00f1a (En adelante en este documento&nbsp;mowomo events) 1.2.- Finalidad La finalidad de este sitio web &hellip; Sigue leyendo Aviso Legal y Condiciones Generales de uso","og_url":"https:\/\/mowomoevents.com\/yomequedoencasa\/aviso-legal\/","og_site_name":"#yomequedoencasa","article_modified_time":"2020-10-16T09:36:55+00:00","og_image":[{"width":1009,"height":238,"url":"https:\/\/mowomoevents.com\/wp-content\/uploads\/sites\/2\/2020\/03\/logo-mowomo-events.png","type":"image\/png"}],"twitter_card":"summary_large_image","twitter_misc":{"Tiempo de lectura":"3 minutos"},"schema":{"@context":"https:\/\/schema.org","@graph":[{"@type":"WebPage","@id":"https:\/\/mowomoevents.com\/yomequedoencasa\/aviso-legal\/","url":"https:\/\/mowomoevents.com\/yomequedoencasa\/aviso-legal\/","name":"Aviso Legal y Condiciones Generales de uso - #yomequedoencasa","isPartOf":{"@id":"https:\/\/mowomoevents.com\/yomequedoencasa\/#website"},"datePublished":"2018-10-03T08:51:36+00:00","dateModified":"2020-10-16T09:36:55+00:00","breadcrumb":{"@id":"https:\/\/mowomoevents.com\/yomequedoencasa\/aviso-legal\/#breadcrumb"},"inLanguage":"es","potentialAction":[{"@type":"ReadAction","target":["https:\/\/mowomoevents.com\/yomequedoencasa\/aviso-legal\/"]}]},{"@type":"BreadcrumbList","@id":"https:\/\/mowomoevents.com\/yomequedoencasa\/aviso-legal\/#breadcrumb","itemListElement":[{"@type":"ListItem","position":1,"name":"Portada","item":"https:\/\/mowomoevents.com\/yomequedoencasa\/"},{"@type":"ListItem","position":2,"name":"Aviso Legal y Condiciones Generales de uso"}]},{"@type":"WebSite","@id":"https:\/\/mowomoevents.com\/yomequedoencasa\/#website","url":"https:\/\/mowomoevents.com\/yomequedoencasa\/","name":"#yomequedoencasa","description":"Evento tecnol\u00f3gico ONLINE que tendr\u00e1 lugar del 23\/03\/2020 al 05\/05\/2020","publisher":{"@id":"https:\/\/mowomoevents.com\/yomequedoencasa\/#organization"},"potentialAction":[{"@type":"SearchAction","target":{"@type":"EntryPoint","urlTemplate":"https:\/\/mowomoevents.com\/yomequedoencasa\/?s={search_term_string}"},"query-input":"required name=search_term_string"}],"inLanguage":"es"},{"@type":"Organization","@id":"https:\/\/mowomoevents.com\/yomequedoencasa\/#organization","name":"#yomequedoencasa","url":"https:\/\/mowomoevents.com\/yomequedoencasa\/","logo":{"@type":"ImageObject","inLanguage":"es","@id":"https:\/\/mowomoevents.com\/yomequedoencasa\/#\/schema\/logo\/image\/","url":"https:\/\/mowomoevents.com\/wp-content\/uploads\/sites\/2\/2020\/03\/cropped-mowomo-event-yo-me-quedo-en-casa.png","contentUrl":"https:\/\/mowomoevents.com\/wp-content\/uploads\/sites\/2\/2020\/03\/cropped-mowomo-event-yo-me-quedo-en-casa.png","width":248,"height":101,"caption":"#yomequedoencasa"},"image":{"@id":"https:\/\/mowomoevents.com\/yomequedoencasa\/#\/schema\/logo\/image\/"}}]}},"_links":{"self":[{"href":"https:\/\/mowomoevents.com\/yomequedoencasa\/wp-json\/wp\/v2\/pages\/291"}],"collection":[{"href":"https:\/\/mowomoevents.com\/yomequedoencasa\/wp-json\/wp\/v2\/pages"}],"about":[{"href":"https:\/\/mowomoevents.com\/yomequedoencasa\/wp-json\/wp\/v2\/types\/page"}],"author":[{"embeddable":true,"href":"https:\/\/mowomoevents.com\/yomequedoencasa\/wp-json\/wp\/v2\/users\/3"}],"replies":[{"embeddable":true,"href":"https:\/\/mowomoevents.com\/yomequedoencasa\/wp-json\/wp\/v2\/comments?post=291"}],"version-history":[{"count":5,"href":"https:\/\/mowomoevents.com\/yomequedoencasa\/wp-json\/wp\/v2\/pages\/291\/revisions"}],"predecessor-version":[{"id":3313,"href":"https:\/\/mowomoevents.com\/yomequedoencasa\/wp-json\/wp\/v2\/pages\/291\/revisions\/3313"}],"wp:attachment":[{"href":"https:\/\/mowomoevents.com\/yomequedoencasa\/wp-json\/wp\/v2\/media?parent=291"}],"curies":[{"name":"wp","href":"https:\/\/api.w.org\/{rel}","templated":true}]}}