{"id":36,"date":"2018-09-28T12:25:32","date_gmt":"2018-09-28T10:25:32","guid":{"rendered":"https:\/\/www.openzink.com\/?page_id=36"},"modified":"2020-06-02T19:13:07","modified_gmt":"2020-06-02T17:13:07","slug":"sobre-openzink","status":"publish","type":"page","link":"https:\/\/mowomoevents.com\/yomequedoencasa\/","title":{"rendered":"Sobre el evento #yomequedoencasa"},"content":{"rendered":"\n<p>Los mowomo camp son eventos tecnol\u00f3gicos orientados a difundir conocimiento libre y abierto relacionado con Internet.  <\/p>\n\n\n\n<p class=\"has-text-color has-background has-medium-pink-color has-light-pink-background-color\">El<strong> mowomo camp<\/strong> #yomequedoencasa es un <strong>EVENTO 100% ONLINE<\/strong>, con una duraci\u00f3n de 40 d\u00edas, 6 semanas, <strong>30 charlas y talleres y 6 mesas redondas (\u00a1m\u00e1s de 60 ponentes!), <\/strong>para todo el mundo de habla hispana, <strong>del 23 de marzo al 1 de mayo 2020.<\/strong><br><br>\u00a1<a rel=\"noreferrer noopener\" aria-label=\" (se abre en una nueva pesta\u00f1a)\" href=\"https:\/\/mowomoevents.com\/yomequedoencasa\/inscribete-gratis\/\" target=\"_blank\">Inscr\u00edbete GRATIS<strong> <\/strong><\/a>!<\/p>\n\n\n\n<p>El <strong>mowomo camp #yomequedoencasa<\/strong> es un <strong>EVENTO ONLINE<\/strong> <strong>nacido a ra\u00edz de la expansi\u00f3n del COVID-19<\/strong> y con la necesidad de quedarnos en casa para frenar la propagaci\u00f3n.Al igual que ha pasado en much\u00edsimos eventos de todo tipo a lo largo y ancho del planeta, muchas comunidades han decidido cancelar o aplazar todos los eventos comunitarios hasta que la situaci\u00f3n se regularice nuevamente. <\/p>\n\n\n\n<p>Es por ello, que desde <strong>mowomo <\/strong>y con ayuda de muchos compa\u00f1eros y compa\u00f1eras a lo largo y ancho del planeta, nos hemos lanzado para poner en marcha un <strong>evento online, abierto y gratuito<\/strong> para todo el mundo: <strong>mowomo camp #yomequedoencasa<\/strong>.<\/p>\n\n\n\n<h2 class=\"wp-block-heading\">\u00bfQu\u00e9 puedo ver durante el evento?<\/h2>\n\n\n\n<p>Se trata de un evento <strong>ONLINE<\/strong> con una duraci\u00f3n de <strong>40 d\u00edas<\/strong> donde podr\u00e1s ver charlas sobre Comercio Electr\u00f3nico (ecommerce), Marketing Online, CMS (WordPress, Drupal, ..), dise\u00f1o web, desarrollo web, aplicaciones m\u00f3viles, hosting, Linux, herramientas de software libre y un muy largo etc\u00e9tera. <\/p>\n\n\n\n<p>\u00bf40 d\u00edas? S\u00ed, parece que nos hemos vuelto locos, pero no, vas a disfrutar de <strong>40 d\u00edas de charlas y talleres<\/strong>. <br><br>\u00bfTe apuntas?<\/p>\n\n\n\n<p><strong>De lunes a jueves<\/strong><br>Podr\u00e1s disfrutar de una <strong>charla, taller o webinar diario<\/strong>, en vivo y directo, de lunes a jueves, ofrecido por reconocidos profesionales del sector. <br><br><a rel=\"noreferrer noopener\" aria-label=\"Ver programa (se abre en una nueva pesta\u00f1a)\" href=\"https:\/\/mowomoevents.com\/yomequedoencasa\/programa\/\" target=\"_blank\">Ver programa<\/a><\/p>\n\n\n\n<p><strong>Los viernes<\/strong><br>Tenemos d\u00eda grande, cada viernes contaremos con hasta<strong> 6 ponentes al mismo tiempo<\/strong>, en una mesa redonda para debatir sobre una tem\u00e1tica en concreto y pasar un buen rato de aprendizaje en vivo. \u00a1Se admiten preguntas!<\/p>\n\n\n\n<p><a rel=\"noreferrer noopener\" href=\"https:\/\/mowomoevents.com\/yomequedoencasa\/programa\/\" target=\"_blank\">Ver programa<\/a><\/p>\n\n\n\n<h2 class=\"wp-block-heading\">\u00bfC\u00f3mo puedo colaborar?<\/h2>\n\n\n\n<p>Tienes varias maneras de colaborar con el evento <strong>#yomequedoencasa<\/strong>:<\/p>\n\n\n\n<p><a rel=\"noreferrer noopener\" aria-label=\"Como patrocinador del evento (se abre en una nueva pesta\u00f1a)\" href=\"https:\/\/mowomoevents.com\/yomequedoencasa\/llamada-a-patrocinadores\/\" target=\"_blank\">Como patrocinador del evento<\/a><\/p>\n\n\n\n<p><a rel=\"noreferrer noopener\" aria-label=\"Como ponente ofreciendo una charla o taller online (se abre en una nueva pesta\u00f1a)\" href=\"https:\/\/mowomoevents.com\/yomequedoencasa\/llamada-a-ponentes\/\" target=\"_blank\">Como ponente ofreciendo una charla o taller online<\/a><\/p>\n\n\n\n<p>No lo pienses m\u00e1s, arrancamos el pr\u00f3ximo <strong>lunes 23 de marzo<\/strong> y estaremos contigo durante una <strong>cuarentena completa<\/strong> (40 d\u00edas), hasta el <strong>viernes 1 de mayo de 2020<\/strong>.<\/p>\n\n\n\n<!-- mowomo-redes-sociales-icons-bar -->\n        <div class=\"mwm_rrss_contenedor mwm_rrss_appearance_1 mwm_rrss_alingment_1\">\n                            <a class=\"mwm_rrss mwm_twitter\" mwm-rrss-url=\"https:\/\/twitter.com\/intent\/tweet?text=Sobre el evento #yomequedoencasa https:\/\/mowomoevents.com\/yomequedoencasa\/ v\u00eda @openzink\"><i class=\"icon-rrss-twitter\"><\/i>Twitter<\/a>\n            \n                            <a class=\"mwm_rrss mwm_facebook\" mwm-rrss-url=\"https:\/\/www.facebook.com\/sharer\/sharer.php?u=https:\/\/mowomoevents.com\/yomequedoencasa\/\"><i class=\"icon-rrss-facebook\"><\/i>Facebook<\/a>\n            \n                            <a class=\"mwm_rrss mwm_pinterest\" mwm-rrss-url=\"http:\/\/pinterest.com\/pin\/create\/button\/?url=https:\/\/mowomoevents.com\/yomequedoencasa\/&media=https:\/\/mowomoevents.com\/wp-content\/uploads\/sites\/2\/2020\/03\/mowomo-event-yo-me-quedo-en-casa-825x464.png&description=Sobre el evento #yomequedoencasa\"><i class=\"icon-rrss-pinterest\"><\/i>Pinterest <\/a>\n            \n                            <a class=\"mwm_rrss mwm_linkedin\" mwm-rrss-url=\"https:\/\/www.linkedin.com\/shareArticle?mini=true&url=https:\/\/mowomoevents.com\/yomequedoencasa\/&title=Sobre el evento #yomequedoencasa&source=https:\/\/mowomoevents.com\/wp-content\/uploads\/sites\/2\/2020\/03\/mowomo-event-yo-me-quedo-en-casa-825x464.png\"><i class=\"icon-rrss-linkedin\"><\/i>LinkedIn <\/a>\n            \n                    <\/div>\n    \n","protected":false},"excerpt":{"rendered":"<p>Los mowomo camp son eventos tecnol\u00f3gicos orientados a difundir conocimiento libre y abierto relacionado con Internet. El mowomo camp #yomequedoencasa es un EVENTO 100% ONLINE, con una duraci\u00f3n de 40 d\u00edas, 6 semanas, 30 charlas y talleres y 6 mesas redondas (\u00a1m\u00e1s de 60 ponentes!), para todo el mundo de habla hispana, del 23 de &hellip; <a href=\"https:\/\/mowomoevents.com\/yomequedoencasa\/\" class=\"more-link\">Sigue leyendo <span class=\"screen-reader-text\">Sobre el evento #yomequedoencasa<\/span><\/a><\/p>\n","protected":false},"author":2,"featured_media":2125,"parent":0,"menu_order":0,"comment_status":"closed","ping_status":"closed","template":"","meta":{"footnotes":""},"yoast_head":"<!-- This site is optimized with the Yoast SEO plugin v22.7 - https:\/\/yoast.com\/wordpress\/plugins\/seo\/ -->\n<title>Sobre el evento #yomequedoencasa - #yomequedoencasa<\/title>\n<meta name=\"robots\" content=\"index, follow, max-snippet:-1, max-image-preview:large, max-video-preview:-1\" \/>\n<link rel=\"canonical\" href=\"https:\/\/mowomoevents.com\/yomequedoencasa\/\" \/>\n<meta property=\"og:locale\" content=\"es_ES\" \/>\n<meta property=\"og:type\" content=\"article\" \/>\n<meta property=\"og:title\" content=\"Sobre el evento #yomequedoencasa - #yomequedoencasa\" \/>\n<meta property=\"og:description\" content=\"Los mowomo camp son eventos tecnol\u00f3gicos orientados a difundir conocimiento libre y abierto relacionado con Internet. El mowomo camp #yomequedoencasa es un EVENTO 100% ONLINE, con una duraci\u00f3n de 40 d\u00edas, 6 semanas, 30 charlas y talleres y 6 mesas redondas (\u00a1m\u00e1s de 60 ponentes!), para todo el mundo de habla hispana, del 23 de &hellip; Sigue leyendo Sobre el evento #yomequedoencasa\" \/>\n<meta property=\"og:url\" content=\"https:\/\/mowomoevents.com\/yomequedoencasa\/\" \/>\n<meta property=\"og:site_name\" content=\"#yomequedoencasa\" \/>\n<meta property=\"article:modified_time\" content=\"2020-06-02T17:13:07+00:00\" \/>\n<meta property=\"og:image\" content=\"https:\/\/mowomoevents.com\/wp-content\/uploads\/sites\/2\/2020\/03\/mowomo-event-yo-me-quedo-en-casa.png\" \/>\n\t<meta property=\"og:image:width\" content=\"1280\" \/>\n\t<meta property=\"og:image:height\" content=\"720\" \/>\n\t<meta property=\"og:image:type\" content=\"image\/png\" \/>\n<meta name=\"twitter:card\" content=\"summary_large_image\" \/>\n<meta name=\"twitter:label1\" content=\"Tiempo de lectura\" \/>\n\t<meta name=\"twitter:data1\" content=\"2 minutos\" \/>\n<script type=\"application\/ld+json\" class=\"yoast-schema-graph\">{\"@context\":\"https:\/\/schema.org\",\"@graph\":[{\"@type\":\"WebPage\",\"@id\":\"https:\/\/mowomoevents.com\/yomequedoencasa\/\",\"url\":\"https:\/\/mowomoevents.com\/yomequedoencasa\/\",\"name\":\"Sobre el evento #yomequedoencasa - #yomequedoencasa\",\"isPartOf\":{\"@id\":\"https:\/\/mowomoevents.com\/yomequedoencasa\/#website\"},\"primaryImageOfPage\":{\"@id\":\"https:\/\/mowomoevents.com\/yomequedoencasa\/#primaryimage\"},\"image\":{\"@id\":\"https:\/\/mowomoevents.com\/yomequedoencasa\/#primaryimage\"},\"thumbnailUrl\":\"https:\/\/mowomoevents.com\/wp-content\/uploads\/sites\/2\/2020\/03\/mowomo-event-yo-me-quedo-en-casa.png\",\"datePublished\":\"2018-09-28T10:25:32+00:00\",\"dateModified\":\"2020-06-02T17:13:07+00:00\",\"breadcrumb\":{\"@id\":\"https:\/\/mowomoevents.com\/yomequedoencasa\/#breadcrumb\"},\"inLanguage\":\"es\",\"potentialAction\":[{\"@type\":\"ReadAction\",\"target\":[\"https:\/\/mowomoevents.com\/yomequedoencasa\/\"]}]},{\"@type\":\"ImageObject\",\"inLanguage\":\"es\",\"@id\":\"https:\/\/mowomoevents.com\/yomequedoencasa\/#primaryimage\",\"url\":\"https:\/\/mowomoevents.com\/wp-content\/uploads\/sites\/2\/2020\/03\/mowomo-event-yo-me-quedo-en-casa.png\",\"contentUrl\":\"https:\/\/mowomoevents.com\/wp-content\/uploads\/sites\/2\/2020\/03\/mowomo-event-yo-me-quedo-en-casa.png\",\"width\":1280,\"height\":720},{\"@type\":\"BreadcrumbList\",\"@id\":\"https:\/\/mowomoevents.com\/yomequedoencasa\/#breadcrumb\",\"itemListElement\":[{\"@type\":\"ListItem\",\"position\":1,\"name\":\"Portada\",\"item\":\"https:\/\/mowomoevents.com\/yomequedoencasa\/\"},{\"@type\":\"ListItem\",\"position\":2,\"name\":\"Sobre el evento #yomequedoencasa\"}]},{\"@type\":\"WebSite\",\"@id\":\"https:\/\/mowomoevents.com\/yomequedoencasa\/#website\",\"url\":\"https:\/\/mowomoevents.com\/yomequedoencasa\/\",\"name\":\"#yomequedoencasa\",\"description\":\"Evento tecnol\u00f3gico ONLINE que tendr\u00e1 lugar del 23\/03\/2020 al 05\/05\/2020\",\"publisher\":{\"@id\":\"https:\/\/mowomoevents.com\/yomequedoencasa\/#organization\"},\"potentialAction\":[{\"@type\":\"SearchAction\",\"target\":{\"@type\":\"EntryPoint\",\"urlTemplate\":\"https:\/\/mowomoevents.com\/yomequedoencasa\/?s={search_term_string}\"},\"query-input\":\"required name=search_term_string\"}],\"inLanguage\":\"es\"},{\"@type\":\"Organization\",\"@id\":\"https:\/\/mowomoevents.com\/yomequedoencasa\/#organization\",\"name\":\"#yomequedoencasa\",\"url\":\"https:\/\/mowomoevents.com\/yomequedoencasa\/\",\"logo\":{\"@type\":\"ImageObject\",\"inLanguage\":\"es\",\"@id\":\"https:\/\/mowomoevents.com\/yomequedoencasa\/#\/schema\/logo\/image\/\",\"url\":\"https:\/\/mowomoevents.com\/wp-content\/uploads\/sites\/2\/2020\/03\/cropped-mowomo-event-yo-me-quedo-en-casa.png\",\"contentUrl\":\"https:\/\/mowomoevents.com\/wp-content\/uploads\/sites\/2\/2020\/03\/cropped-mowomo-event-yo-me-quedo-en-casa.png\",\"width\":248,\"height\":101,\"caption\":\"#yomequedoencasa\"},\"image\":{\"@id\":\"https:\/\/mowomoevents.com\/yomequedoencasa\/#\/schema\/logo\/image\/\"}}]}<\/script>\n<!-- \/ Yoast SEO plugin. -->","yoast_head_json":{"title":"Sobre el evento #yomequedoencasa - #yomequedoencasa","robots":{"index":"index","follow":"follow","max-snippet":"max-snippet:-1","max-image-preview":"max-image-preview:large","max-video-preview":"max-video-preview:-1"},"canonical":"https:\/\/mowomoevents.com\/yomequedoencasa\/","og_locale":"es_ES","og_type":"article","og_title":"Sobre el evento #yomequedoencasa - #yomequedoencasa","og_description":"Los mowomo camp son eventos tecnol\u00f3gicos orientados a difundir conocimiento libre y abierto relacionado con Internet. El mowomo camp #yomequedoencasa es un EVENTO 100% ONLINE, con una duraci\u00f3n de 40 d\u00edas, 6 semanas, 30 charlas y talleres y 6 mesas redondas (\u00a1m\u00e1s de 60 ponentes!), para todo el mundo de habla hispana, del 23 de &hellip; Sigue leyendo Sobre el evento #yomequedoencasa","og_url":"https:\/\/mowomoevents.com\/yomequedoencasa\/","og_site_name":"#yomequedoencasa","article_modified_time":"2020-06-02T17:13:07+00:00","og_image":[{"width":1280,"height":720,"url":"https:\/\/mowomoevents.com\/wp-content\/uploads\/sites\/2\/2020\/03\/mowomo-event-yo-me-quedo-en-casa.png","type":"image\/png"}],"twitter_card":"summary_large_image","twitter_misc":{"Tiempo de lectura":"2 minutos"},"schema":{"@context":"https:\/\/schema.org","@graph":[{"@type":"WebPage","@id":"https:\/\/mowomoevents.com\/yomequedoencasa\/","url":"https:\/\/mowomoevents.com\/yomequedoencasa\/","name":"Sobre el evento #yomequedoencasa - #yomequedoencasa","isPartOf":{"@id":"https:\/\/mowomoevents.com\/yomequedoencasa\/#website"},"primaryImageOfPage":{"@id":"https:\/\/mowomoevents.com\/yomequedoencasa\/#primaryimage"},"image":{"@id":"https:\/\/mowomoevents.com\/yomequedoencasa\/#primaryimage"},"thumbnailUrl":"https:\/\/mowomoevents.com\/wp-content\/uploads\/sites\/2\/2020\/03\/mowomo-event-yo-me-quedo-en-casa.png","datePublished":"2018-09-28T10:25:32+00:00","dateModified":"2020-06-02T17:13:07+00:00","breadcrumb":{"@id":"https:\/\/mowomoevents.com\/yomequedoencasa\/#breadcrumb"},"inLanguage":"es","potentialAction":[{"@type":"ReadAction","target":["https:\/\/mowomoevents.com\/yomequedoencasa\/"]}]},{"@type":"ImageObject","inLanguage":"es","@id":"https:\/\/mowomoevents.com\/yomequedoencasa\/#primaryimage","url":"https:\/\/mowomoevents.com\/wp-content\/uploads\/sites\/2\/2020\/03\/mowomo-event-yo-me-quedo-en-casa.png","contentUrl":"https:\/\/mowomoevents.com\/wp-content\/uploads\/sites\/2\/2020\/03\/mowomo-event-yo-me-quedo-en-casa.png","width":1280,"height":720},{"@type":"BreadcrumbList","@id":"https:\/\/mowomoevents.com\/yomequedoencasa\/#breadcrumb","itemListElement":[{"@type":"ListItem","position":1,"name":"Portada","item":"https:\/\/mowomoevents.com\/yomequedoencasa\/"},{"@type":"ListItem","position":2,"name":"Sobre el evento #yomequedoencasa"}]},{"@type":"WebSite","@id":"https:\/\/mowomoevents.com\/yomequedoencasa\/#website","url":"https:\/\/mowomoevents.com\/yomequedoencasa\/","name":"#yomequedoencasa","description":"Evento tecnol\u00f3gico ONLINE que tendr\u00e1 lugar del 23\/03\/2020 al 05\/05\/2020","publisher":{"@id":"https:\/\/mowomoevents.com\/yomequedoencasa\/#organization"},"potentialAction":[{"@type":"SearchAction","target":{"@type":"EntryPoint","urlTemplate":"https:\/\/mowomoevents.com\/yomequedoencasa\/?s={search_term_string}"},"query-input":"required name=search_term_string"}],"inLanguage":"es"},{"@type":"Organization","@id":"https:\/\/mowomoevents.com\/yomequedoencasa\/#organization","name":"#yomequedoencasa","url":"https:\/\/mowomoevents.com\/yomequedoencasa\/","logo":{"@type":"ImageObject","inLanguage":"es","@id":"https:\/\/mowomoevents.com\/yomequedoencasa\/#\/schema\/logo\/image\/","url":"https:\/\/mowomoevents.com\/wp-content\/uploads\/sites\/2\/2020\/03\/cropped-mowomo-event-yo-me-quedo-en-casa.png","contentUrl":"https:\/\/mowomoevents.com\/wp-content\/uploads\/sites\/2\/2020\/03\/cropped-mowomo-event-yo-me-quedo-en-casa.png","width":248,"height":101,"caption":"#yomequedoencasa"},"image":{"@id":"https:\/\/mowomoevents.com\/yomequedoencasa\/#\/schema\/logo\/image\/"}}]}},"_links":{"self":[{"href":"https:\/\/mowomoevents.com\/yomequedoencasa\/wp-json\/wp\/v2\/pages\/36"}],"collection":[{"href":"https:\/\/mowomoevents.com\/yomequedoencasa\/wp-json\/wp\/v2\/pages"}],"about":[{"href":"https:\/\/mowomoevents.com\/yomequedoencasa\/wp-json\/wp\/v2\/types\/page"}],"author":[{"embeddable":true,"href":"https:\/\/mowomoevents.com\/yomequedoencasa\/wp-json\/wp\/v2\/users\/2"}],"replies":[{"embeddable":true,"href":"https:\/\/mowomoevents.com\/yomequedoencasa\/wp-json\/wp\/v2\/comments?post=36"}],"version-history":[{"count":5,"href":"https:\/\/mowomoevents.com\/yomequedoencasa\/wp-json\/wp\/v2\/pages\/36\/revisions"}],"predecessor-version":[{"id":3264,"href":"https:\/\/mowomoevents.com\/yomequedoencasa\/wp-json\/wp\/v2\/pages\/36\/revisions\/3264"}],"wp:featuredmedia":[{"embeddable":true,"href":"https:\/\/mowomoevents.com\/yomequedoencasa\/wp-json\/wp\/v2\/media\/2125"}],"wp:attachment":[{"href":"https:\/\/mowomoevents.com\/yomequedoencasa\/wp-json\/wp\/v2\/media?parent=36"}],"curies":[{"name":"wp","href":"https:\/\/api.w.org\/{rel}","templated":true}]}}